{"id":1278,"date":"2023-12-07T11:55:39","date_gmt":"2023-12-07T14:55:39","guid":{"rendered":"https:\/\/artewebmidia.com.br\/infinita\/?post_type=product&#038;p=1278"},"modified":"2024-07-23T11:55:00","modified_gmt":"2024-07-23T14:55:00","slug":"gel-de-contato-neutro","status":"publish","type":"product","link":"https:\/\/artewebmidia.com.br\/infinita\/produto\/gel-de-contato-neutro\/","title":{"rendered":"GEL DE CONTATO NEUTRO"},"content":{"rendered":"<p>Livre de fragr\u00e2ncia. Livre de Parabenos, Corantes e Petrolatos.<\/p>\n<p>Ingredientes 97% Naturais.<\/p>\n","protected":false},"excerpt":{"rendered":"<p>Desenvolvido para atender aos profissionais que utilizam o gel para acoplagem de equipamentos. A base aquosa e umectante possui excelente condutibilidade, facilitando o uso por ser altamente deslizante. Consistente e incolor, possui pH neutro e pode ser utilizado em tratamentos com ultrassom, com radiofrequ\u00eancia e com eletroestimula\u00e7\u00e3o.<\/p>\n","protected":false},"featured_media":1279,"comment_status":"open","ping_status":"closed","template":"","meta":{"_joinchat":[]},"product_brand":[],"product_cat":[22],"product_tag":[],"class_list":{"0":"post-1278","1":"product","2":"type-product","3":"status-publish","4":"has-post-thumbnail","6":"product_cat-estetica-corporal","8":"first","9":"instock","10":"shipping-taxable","11":"purchasable","12":"product-type-simple"},"_links":{"self":[{"href":"https:\/\/artewebmidia.com.br\/infinita\/wp-json\/wp\/v2\/product\/1278","targetHints":{"allow":["GET"]}}],"collection":[{"href":"https:\/\/artewebmidia.com.br\/infinita\/wp-json\/wp\/v2\/product"}],"about":[{"href":"https:\/\/artewebmidia.com.br\/infinita\/wp-json\/wp\/v2\/types\/product"}],"replies":[{"embeddable":true,"href":"https:\/\/artewebmidia.com.br\/infinita\/wp-json\/wp\/v2\/comments?post=1278"}],"wp:featuredmedia":[{"embeddable":true,"href":"https:\/\/artewebmidia.com.br\/infinita\/wp-json\/wp\/v2\/media\/1279"}],"wp:attachment":[{"href":"https:\/\/artewebmidia.com.br\/infinita\/wp-json\/wp\/v2\/media?parent=1278"}],"wp:term":[{"taxonomy":"product_brand","embeddable":true,"href":"https:\/\/artewebmidia.com.br\/infinita\/wp-json\/wp\/v2\/product_brand?post=1278"},{"taxonomy":"product_cat","embeddable":true,"href":"https:\/\/artewebmidia.com.br\/infinita\/wp-json\/wp\/v2\/product_cat?post=1278"},{"taxonomy":"product_tag","embeddable":true,"href":"https:\/\/artewebmidia.com.br\/infinita\/wp-json\/wp\/v2\/product_tag?post=1278"}],"curies":[{"name":"wp","href":"https:\/\/api.w.org\/{rel}","templated":true}]}}