{"id":1280,"date":"2023-12-07T11:58:13","date_gmt":"2023-12-07T14:58:13","guid":{"rendered":"https:\/\/artewebmidia.com.br\/infinita\/?post_type=product&#038;p=1280"},"modified":"2024-07-23T11:53:48","modified_gmt":"2024-07-23T14:53:48","slug":"gel-de-contato-8-ativos","status":"publish","type":"product","link":"https:\/\/artewebmidia.com.br\/infinita\/produto\/gel-de-contato-8-ativos\/","title":{"rendered":"GEL DE CONTATO 8 ATIVOS"},"content":{"rendered":"<p>Ativos: Gengibre, Centella Asi\u00e1tica, Castanha da \u00cdndia, Extratos Vegetais. Livre de Parabenos, Corantes e Petrolatos.<\/p>\n<p>Ingredientes 91% Naturais.<\/p>\n","protected":false},"excerpt":{"rendered":"<p>Desenvolvido para ser usado em aparelhos est\u00e9ticos ou em massagens manuais, promove a\u00e7\u00e3o drenante e descongestionante dos tecidos. Enriquecido com ativos naturais, melhora a microcircula\u00e7\u00e3o perif\u00e9rica, com a\u00e7\u00e3o vasoprotetora e vasoestimulante.<\/p>\n","protected":false},"featured_media":1281,"comment_status":"open","ping_status":"closed","template":"","meta":{"_joinchat":[]},"product_brand":[],"product_cat":[22],"product_tag":[],"class_list":{"0":"post-1280","1":"product","2":"type-product","3":"status-publish","4":"has-post-thumbnail","6":"product_cat-estetica-corporal","8":"first","9":"instock","10":"shipping-taxable","11":"purchasable","12":"product-type-simple"},"_links":{"self":[{"href":"https:\/\/artewebmidia.com.br\/infinita\/wp-json\/wp\/v2\/product\/1280","targetHints":{"allow":["GET"]}}],"collection":[{"href":"https:\/\/artewebmidia.com.br\/infinita\/wp-json\/wp\/v2\/product"}],"about":[{"href":"https:\/\/artewebmidia.com.br\/infinita\/wp-json\/wp\/v2\/types\/product"}],"replies":[{"embeddable":true,"href":"https:\/\/artewebmidia.com.br\/infinita\/wp-json\/wp\/v2\/comments?post=1280"}],"wp:featuredmedia":[{"embeddable":true,"href":"https:\/\/artewebmidia.com.br\/infinita\/wp-json\/wp\/v2\/media\/1281"}],"wp:attachment":[{"href":"https:\/\/artewebmidia.com.br\/infinita\/wp-json\/wp\/v2\/media?parent=1280"}],"wp:term":[{"taxonomy":"product_brand","embeddable":true,"href":"https:\/\/artewebmidia.com.br\/infinita\/wp-json\/wp\/v2\/product_brand?post=1280"},{"taxonomy":"product_cat","embeddable":true,"href":"https:\/\/artewebmidia.com.br\/infinita\/wp-json\/wp\/v2\/product_cat?post=1280"},{"taxonomy":"product_tag","embeddable":true,"href":"https:\/\/artewebmidia.com.br\/infinita\/wp-json\/wp\/v2\/product_tag?post=1280"}],"curies":[{"name":"wp","href":"https:\/\/api.w.org\/{rel}","templated":true}]}}