{"id":1283,"date":"2023-12-08T11:37:37","date_gmt":"2023-12-08T14:37:37","guid":{"rendered":"https:\/\/artewebmidia.com.br\/infinita\/?post_type=product&#038;p=1283"},"modified":"2024-07-23T11:37:21","modified_gmt":"2024-07-23T14:37:21","slug":"fluido-lipotermico-corporal-pimenta-negra","status":"publish","type":"product","link":"https:\/\/artewebmidia.com.br\/infinita\/produto\/fluido-lipotermico-corporal-pimenta-negra\/","title":{"rendered":"FLU\u00cdDO LIPOT\u00c9RMICO CORPORAL PIMENTA NEGRA"},"content":{"rendered":"<p>Ativos: Pimenta Preta, Nicotinato de Metila, Gengibre, Erva Mate, Centella Asi\u00e1tica, Arnica, Algas Fucus e Hera. Livre de Parabenos, Corantes e Petrolatos.<\/p>\n<p>Ingredientes 96% Naturais.<\/p>\n","protected":false},"excerpt":{"rendered":"<p>Promove a\u00e7\u00e3o vasodilatadora, vasoprotetora e termog\u00eanica, aumentando a microcircula\u00e7\u00e3o sangu\u00ednea superficial, descongestionando o tecido, aumentando sua oxigena\u00e7\u00e3o e preparando a pele para os procedimentos est\u00e9ticos de redu\u00e7\u00e3o de celulite e gordura localizada. Sua f\u00f3rmula tem efeito potencializado pelo Nicotinato de Metila que provoca intenso aquecimento e vermelhid\u00e3o, melhorando a textura cut\u00e2nea e a circula\u00e7\u00e3o sangu\u00ednea.<\/p>\n","protected":false},"featured_media":1284,"comment_status":"open","ping_status":"closed","template":"","meta":{"_joinchat":[]},"product_brand":[],"product_cat":[22],"product_tag":[],"class_list":{"0":"post-1283","1":"product","2":"type-product","3":"status-publish","4":"has-post-thumbnail","6":"product_cat-estetica-corporal","8":"first","9":"instock","10":"shipping-taxable","11":"purchasable","12":"product-type-simple"},"_links":{"self":[{"href":"https:\/\/artewebmidia.com.br\/infinita\/wp-json\/wp\/v2\/product\/1283","targetHints":{"allow":["GET"]}}],"collection":[{"href":"https:\/\/artewebmidia.com.br\/infinita\/wp-json\/wp\/v2\/product"}],"about":[{"href":"https:\/\/artewebmidia.com.br\/infinita\/wp-json\/wp\/v2\/types\/product"}],"replies":[{"embeddable":true,"href":"https:\/\/artewebmidia.com.br\/infinita\/wp-json\/wp\/v2\/comments?post=1283"}],"wp:featuredmedia":[{"embeddable":true,"href":"https:\/\/artewebmidia.com.br\/infinita\/wp-json\/wp\/v2\/media\/1284"}],"wp:attachment":[{"href":"https:\/\/artewebmidia.com.br\/infinita\/wp-json\/wp\/v2\/media?parent=1283"}],"wp:term":[{"taxonomy":"product_brand","embeddable":true,"href":"https:\/\/artewebmidia.com.br\/infinita\/wp-json\/wp\/v2\/product_brand?post=1283"},{"taxonomy":"product_cat","embeddable":true,"href":"https:\/\/artewebmidia.com.br\/infinita\/wp-json\/wp\/v2\/product_cat?post=1283"},{"taxonomy":"product_tag","embeddable":true,"href":"https:\/\/artewebmidia.com.br\/infinita\/wp-json\/wp\/v2\/product_tag?post=1283"}],"curies":[{"name":"wp","href":"https:\/\/api.w.org\/{rel}","templated":true}]}}