{"id":1286,"date":"2023-12-08T11:42:14","date_gmt":"2023-12-08T14:42:14","guid":{"rendered":"https:\/\/artewebmidia.com.br\/infinita\/?post_type=product&#038;p=1286"},"modified":"2024-01-08T09:49:10","modified_gmt":"2024-01-08T12:49:10","slug":"fluido-potencializador-crioterapico-corporal","status":"publish","type":"product","link":"https:\/\/artewebmidia.com.br\/infinita\/produto\/fluido-potencializador-crioterapico-corporal\/","title":{"rendered":"FLU\u00cdDO POTENCIALIZADOR CRIOTER\u00c1PICO CORPORAL"},"content":{"rendered":"<p>Ativos: Cafe\u00edna, Canfora, Mentol, Natuplex Celutrat. Livre de Parabenos, Corantes e Fragr\u00e2ncias.<\/p>\n<p>Ingredientes 92% Naturais.<\/p>\n","protected":false},"excerpt":{"rendered":"<p>Promove resfriamento com dura\u00e7\u00e3o aproximada de 20 minutos, que induz ao gasto energ\u00e9tico intenso e auxilia no processo de lip\u00f3lise<br \/>\n(quebra de gordura da c\u00e9lula), consequentemente reduzindo a apar\u00eancia da celulite e da gordura localizada. O brusco resfriamento da pele \u00e9 uma rea\u00e7\u00e3o considerada pr\u00f3pria para o fim a que se destina.<\/p>\n","protected":false},"featured_media":1287,"comment_status":"open","ping_status":"closed","template":"","meta":{"_joinchat":[]},"product_brand":[],"product_cat":[22],"product_tag":[],"class_list":{"0":"post-1286","1":"product","2":"type-product","3":"status-publish","4":"has-post-thumbnail","6":"product_cat-estetica-corporal","8":"first","9":"outofstock","10":"shipping-taxable","11":"purchasable","12":"product-type-simple"},"_links":{"self":[{"href":"https:\/\/artewebmidia.com.br\/infinita\/wp-json\/wp\/v2\/product\/1286","targetHints":{"allow":["GET"]}}],"collection":[{"href":"https:\/\/artewebmidia.com.br\/infinita\/wp-json\/wp\/v2\/product"}],"about":[{"href":"https:\/\/artewebmidia.com.br\/infinita\/wp-json\/wp\/v2\/types\/product"}],"replies":[{"embeddable":true,"href":"https:\/\/artewebmidia.com.br\/infinita\/wp-json\/wp\/v2\/comments?post=1286"}],"wp:featuredmedia":[{"embeddable":true,"href":"https:\/\/artewebmidia.com.br\/infinita\/wp-json\/wp\/v2\/media\/1287"}],"wp:attachment":[{"href":"https:\/\/artewebmidia.com.br\/infinita\/wp-json\/wp\/v2\/media?parent=1286"}],"wp:term":[{"taxonomy":"product_brand","embeddable":true,"href":"https:\/\/artewebmidia.com.br\/infinita\/wp-json\/wp\/v2\/product_brand?post=1286"},{"taxonomy":"product_cat","embeddable":true,"href":"https:\/\/artewebmidia.com.br\/infinita\/wp-json\/wp\/v2\/product_cat?post=1286"},{"taxonomy":"product_tag","embeddable":true,"href":"https:\/\/artewebmidia.com.br\/infinita\/wp-json\/wp\/v2\/product_tag?post=1286"}],"curies":[{"name":"wp","href":"https:\/\/api.w.org\/{rel}","templated":true}]}}