{"id":1367,"date":"2023-12-14T11:33:19","date_gmt":"2023-12-14T14:33:19","guid":{"rendered":"https:\/\/artewebmidia.com.br\/infinita\/?post_type=product&#038;p=1367"},"modified":"2024-06-10T11:30:42","modified_gmt":"2024-06-10T14:30:42","slug":"mascara-calmante","status":"publish","type":"product","link":"https:\/\/artewebmidia.com.br\/infinita\/produto\/mascara-calmante\/","title":{"rendered":"M\u00c1SCARA CALMANTE RAAVI"},"content":{"rendered":"<p>Ativos: Prebi\u00f3tico, Extrato de Camomila, D-Pantenol e Calmaline. Livre de Parabenos, Petrolatos, Corantes e Silicone.<\/p>\n<p>Ingrendientes 90% Naturais.<\/p>\n<p>&nbsp;<\/p>\n","protected":false},"excerpt":{"rendered":"<p>Formulada com ativos calmantes, hidratantes e rica em extratos vegetais, \u00e9 indicada p\u00f3s limpeza de pele, peeling a laser, dermopigmenta\u00e7\u00e3o e depila\u00e7\u00e3o. Acalma e alivia a sensa\u00e7\u00e3o de desconforto deixada ap\u00f3s procedimentos est\u00e9ticos que sensibilizam a pele. Produto hipoalerg\u00eanico.<\/p>\n","protected":false},"featured_media":1466,"comment_status":"open","ping_status":"closed","template":"","meta":{"_joinchat":[]},"product_brand":[],"product_cat":[21],"product_tag":[],"class_list":{"0":"post-1367","1":"product","2":"type-product","3":"status-publish","4":"has-post-thumbnail","6":"product_cat-estetica-facial","8":"first","9":"instock","10":"shipping-taxable","11":"purchasable","12":"product-type-simple"},"_links":{"self":[{"href":"https:\/\/artewebmidia.com.br\/infinita\/wp-json\/wp\/v2\/product\/1367","targetHints":{"allow":["GET"]}}],"collection":[{"href":"https:\/\/artewebmidia.com.br\/infinita\/wp-json\/wp\/v2\/product"}],"about":[{"href":"https:\/\/artewebmidia.com.br\/infinita\/wp-json\/wp\/v2\/types\/product"}],"replies":[{"embeddable":true,"href":"https:\/\/artewebmidia.com.br\/infinita\/wp-json\/wp\/v2\/comments?post=1367"}],"wp:featuredmedia":[{"embeddable":true,"href":"https:\/\/artewebmidia.com.br\/infinita\/wp-json\/wp\/v2\/media\/1466"}],"wp:attachment":[{"href":"https:\/\/artewebmidia.com.br\/infinita\/wp-json\/wp\/v2\/media?parent=1367"}],"wp:term":[{"taxonomy":"product_brand","embeddable":true,"href":"https:\/\/artewebmidia.com.br\/infinita\/wp-json\/wp\/v2\/product_brand?post=1367"},{"taxonomy":"product_cat","embeddable":true,"href":"https:\/\/artewebmidia.com.br\/infinita\/wp-json\/wp\/v2\/product_cat?post=1367"},{"taxonomy":"product_tag","embeddable":true,"href":"https:\/\/artewebmidia.com.br\/infinita\/wp-json\/wp\/v2\/product_tag?post=1367"}],"curies":[{"name":"wp","href":"https:\/\/api.w.org\/{rel}","templated":true}]}}