{"id":1373,"date":"2023-12-15T09:22:02","date_gmt":"2023-12-15T12:22:02","guid":{"rendered":"https:\/\/artewebmidia.com.br\/infinita\/?post_type=product&#038;p=1373"},"modified":"2024-07-23T11:28:04","modified_gmt":"2024-07-23T14:28:04","slug":"1373","status":"publish","type":"product","link":"https:\/\/artewebmidia.com.br\/infinita\/produto\/1373\/","title":{"rendered":"M\u00c1SCARA DE ARGILA DETOX"},"content":{"rendered":"<p>Ativos: Argila Preta, Nano 3C (Sil\u00edcio, Alum\u00ednio e Tit\u00e2nio), C\u00e1rtamo, Coco e Cravo Encapsulados. Livre de Parabenos.<\/p>\n<p>Ingredientes 87% Naturais.<\/p>\n","protected":false},"excerpt":{"rendered":"<p>A argila preta \u00e9 considerada a mais nobre de todas devido \u00e0 alta quantidade de oligoelementos e, associada ao blend de ativos Nano 3C \u00e9 capaz de auxiliar na drenagem e desintoxica\u00e7\u00e3o da pele, sendo importante aliada em protocolos de massagens est\u00e9ticas modeladoras. Oferece poderosa a\u00e7\u00e3o desodorante e remineralizante, devolvendo minerais essenciais para as c\u00e9lulas, e ainda, quando aplicada em regi\u00f5es com estrias, suaviza a apar\u00eancia das marcas, deixando a pele hidratada, revitalizada e firme.<\/p>\n","protected":false},"featured_media":1375,"comment_status":"open","ping_status":"closed","template":"","meta":{"_joinchat":[]},"product_brand":[],"product_cat":[22],"product_tag":[],"class_list":{"0":"post-1373","1":"product","2":"type-product","3":"status-publish","4":"has-post-thumbnail","6":"product_cat-estetica-corporal","8":"first","9":"instock","10":"shipping-taxable","11":"purchasable","12":"product-type-simple"},"_links":{"self":[{"href":"https:\/\/artewebmidia.com.br\/infinita\/wp-json\/wp\/v2\/product\/1373","targetHints":{"allow":["GET"]}}],"collection":[{"href":"https:\/\/artewebmidia.com.br\/infinita\/wp-json\/wp\/v2\/product"}],"about":[{"href":"https:\/\/artewebmidia.com.br\/infinita\/wp-json\/wp\/v2\/types\/product"}],"replies":[{"embeddable":true,"href":"https:\/\/artewebmidia.com.br\/infinita\/wp-json\/wp\/v2\/comments?post=1373"}],"wp:featuredmedia":[{"embeddable":true,"href":"https:\/\/artewebmidia.com.br\/infinita\/wp-json\/wp\/v2\/media\/1375"}],"wp:attachment":[{"href":"https:\/\/artewebmidia.com.br\/infinita\/wp-json\/wp\/v2\/media?parent=1373"}],"wp:term":[{"taxonomy":"product_brand","embeddable":true,"href":"https:\/\/artewebmidia.com.br\/infinita\/wp-json\/wp\/v2\/product_brand?post=1373"},{"taxonomy":"product_cat","embeddable":true,"href":"https:\/\/artewebmidia.com.br\/infinita\/wp-json\/wp\/v2\/product_cat?post=1373"},{"taxonomy":"product_tag","embeddable":true,"href":"https:\/\/artewebmidia.com.br\/infinita\/wp-json\/wp\/v2\/product_tag?post=1373"}],"curies":[{"name":"wp","href":"https:\/\/api.w.org\/{rel}","templated":true}]}}