{"id":1484,"date":"2024-05-06T11:25:45","date_gmt":"2024-05-06T14:25:45","guid":{"rendered":"https:\/\/artewebmidia.com.br\/infinita\/?post_type=product&#038;p=1484"},"modified":"2024-09-02T09:53:44","modified_gmt":"2024-09-02T12:53:44","slug":"smart-pdrn-skin-pro-5-x-3ml-smart-gr","status":"publish","type":"product","link":"https:\/\/artewebmidia.com.br\/infinita\/produto\/smart-pdrn-skin-pro-5-x-3ml-smart-gr\/","title":{"rendered":"Smart PDRN Skin Pro 5 x 3ml &#8211; Smart GR"},"content":{"rendered":"<p><strong>Indica\u00e7\u00f5es:<\/strong><\/p>\n<p>Auxilia na a\u00e7\u00e3o regenerativa pr\u00f3 age e redensifica\u00e7\u00e3o da pele<\/p>\n<p>Colabora para melhora da nutri\u00e7\u00e3o e oxigena\u00e7\u00e3o da pele<\/p>\n<p>Contribui para uniformiza\u00e7\u00e3o do tom e textura da pele<\/p>\n<p>&nbsp;<\/p>\n<p><strong>Principais Ingredientes:<\/strong><\/p>\n<p>PDRN &#8211; Salmon DNA, Polydeoxyribonucleotide<\/p>\n<p>\u00c1cido Hialur\u00f4nico<\/p>\n<p>Glutationa<\/p>\n<p>Acetyl Hexapeptide-8<\/p>\n<p>Fator de Crescimento EGF<\/p>\n<p>Fator de Crescimento TGFB3<\/p>\n","protected":false},"excerpt":{"rendered":"<p>A tecnologia do PDRN &#8211; Salmon DNA (Polydeoxyribonucleotide) combinada com ingredientes que s\u00e3o capazes de auxiliar na hidrata\u00e7\u00e3o e contribuir para uma melhora da qualidade geral do aspecto da pele.<\/p>\n","protected":false},"featured_media":1485,"comment_status":"open","ping_status":"closed","template":"","meta":{"_joinchat":[]},"product_brand":[],"product_cat":[22,21],"product_tag":[],"class_list":{"0":"post-1484","1":"product","2":"type-product","3":"status-publish","4":"has-post-thumbnail","6":"product_cat-estetica-corporal","7":"product_cat-estetica-facial","9":"first","10":"outofstock","11":"shipping-taxable","12":"purchasable","13":"product-type-simple"},"_links":{"self":[{"href":"https:\/\/artewebmidia.com.br\/infinita\/wp-json\/wp\/v2\/product\/1484","targetHints":{"allow":["GET"]}}],"collection":[{"href":"https:\/\/artewebmidia.com.br\/infinita\/wp-json\/wp\/v2\/product"}],"about":[{"href":"https:\/\/artewebmidia.com.br\/infinita\/wp-json\/wp\/v2\/types\/product"}],"replies":[{"embeddable":true,"href":"https:\/\/artewebmidia.com.br\/infinita\/wp-json\/wp\/v2\/comments?post=1484"}],"wp:featuredmedia":[{"embeddable":true,"href":"https:\/\/artewebmidia.com.br\/infinita\/wp-json\/wp\/v2\/media\/1485"}],"wp:attachment":[{"href":"https:\/\/artewebmidia.com.br\/infinita\/wp-json\/wp\/v2\/media?parent=1484"}],"wp:term":[{"taxonomy":"product_brand","embeddable":true,"href":"https:\/\/artewebmidia.com.br\/infinita\/wp-json\/wp\/v2\/product_brand?post=1484"},{"taxonomy":"product_cat","embeddable":true,"href":"https:\/\/artewebmidia.com.br\/infinita\/wp-json\/wp\/v2\/product_cat?post=1484"},{"taxonomy":"product_tag","embeddable":true,"href":"https:\/\/artewebmidia.com.br\/infinita\/wp-json\/wp\/v2\/product_tag?post=1484"}],"curies":[{"name":"wp","href":"https:\/\/api.w.org\/{rel}","templated":true}]}}