{"id":1487,"date":"2024-05-06T11:39:25","date_gmt":"2024-05-06T14:39:25","guid":{"rendered":"https:\/\/artewebmidia.com.br\/infinita\/?post_type=product&#038;p=1487"},"modified":"2024-05-06T11:39:25","modified_gmt":"2024-05-06T14:39:25","slug":"b12-skincare-pro-3ml-smart-gr","status":"publish","type":"product","link":"https:\/\/artewebmidia.com.br\/infinita\/produto\/b12-skincare-pro-3ml-smart-gr\/","title":{"rendered":"B12 Skincare Pro 3ml Smart GR"},"content":{"rendered":"<p><b>Indica\u00e7\u00f5es:<\/b><\/p>\n<p>Auxilia no clareamento Contribui para a redu\u00e7\u00e3o dos poros e da oleosidade Contribui para a uniformiza\u00e7\u00e3o cut\u00e2nea,<\/p>\n<p><b>Principais Ingredientes:<\/b><\/p>\n<p>Vitamina B12<\/p>\n<p>Extrato Glic\u00f3lico de Centella Asi\u00e1tica<\/p>\n<p>Niacinamida (Vitamina B3)<\/p>\n","protected":false},"excerpt":{"rendered":"<p>Fluido facial e corporal com Vitamina B12, auxilia no clareamento e uniformiza\u00e7\u00e3o cut\u00e2nea, contribui para o controle da oleosidade e redu\u00e7\u00e3o dos poros.<\/p>\n","protected":false},"featured_media":1488,"comment_status":"open","ping_status":"closed","template":"","meta":{"_joinchat":[]},"product_brand":[],"product_cat":[22,21],"product_tag":[],"class_list":{"0":"post-1487","1":"product","2":"type-product","3":"status-publish","4":"has-post-thumbnail","6":"product_cat-estetica-corporal","7":"product_cat-estetica-facial","9":"first","10":"instock","11":"shipping-taxable","12":"purchasable","13":"product-type-simple"},"_links":{"self":[{"href":"https:\/\/artewebmidia.com.br\/infinita\/wp-json\/wp\/v2\/product\/1487","targetHints":{"allow":["GET"]}}],"collection":[{"href":"https:\/\/artewebmidia.com.br\/infinita\/wp-json\/wp\/v2\/product"}],"about":[{"href":"https:\/\/artewebmidia.com.br\/infinita\/wp-json\/wp\/v2\/types\/product"}],"replies":[{"embeddable":true,"href":"https:\/\/artewebmidia.com.br\/infinita\/wp-json\/wp\/v2\/comments?post=1487"}],"wp:featuredmedia":[{"embeddable":true,"href":"https:\/\/artewebmidia.com.br\/infinita\/wp-json\/wp\/v2\/media\/1488"}],"wp:attachment":[{"href":"https:\/\/artewebmidia.com.br\/infinita\/wp-json\/wp\/v2\/media?parent=1487"}],"wp:term":[{"taxonomy":"product_brand","embeddable":true,"href":"https:\/\/artewebmidia.com.br\/infinita\/wp-json\/wp\/v2\/product_brand?post=1487"},{"taxonomy":"product_cat","embeddable":true,"href":"https:\/\/artewebmidia.com.br\/infinita\/wp-json\/wp\/v2\/product_cat?post=1487"},{"taxonomy":"product_tag","embeddable":true,"href":"https:\/\/artewebmidia.com.br\/infinita\/wp-json\/wp\/v2\/product_tag?post=1487"}],"curies":[{"name":"wp","href":"https:\/\/api.w.org\/{rel}","templated":true}]}}