{"id":1504,"date":"2024-06-17T11:59:58","date_gmt":"2024-06-17T14:59:58","guid":{"rendered":"https:\/\/artewebmidia.com.br\/infinita\/?post_type=product&#038;p=1504"},"modified":"2024-06-17T11:59:58","modified_gmt":"2024-06-17T14:59:58","slug":"innova-dust","status":"publish","type":"product","link":"https:\/\/artewebmidia.com.br\/infinita\/produto\/innova-dust\/","title":{"rendered":"INNOVA DUST"},"content":{"rendered":"<p>Bioestimulador Enzim\u00e1tico em p\u00f3.<\/p>\n<p>M\u00e1scara enzim\u00e1tica oxigenante em p\u00f3. Possui a\u00e7\u00e3o regeneradora tecidual e descongestionante. Age na elimina\u00e7\u00e3o de l\u00edquidos e toxinas, atrav\u00e9s do processo de osmose reversa, estimulando a a\u00e7\u00e3o mitocondrial e reequilibrando a barreira cut\u00e2nea. Tem na sua composi\u00e7\u00e3o, enzimas e amino\u00e1cidos essenciais que agem na s\u00edntese de col\u00e1geno e elastina.<\/p>\n<p>&nbsp;<\/p>\n<p>Cont\u00e9m: Papa\u00edna, Lipase, Lisina, Aloe vera &amp; Albumina<\/p>\n","protected":false},"excerpt":{"rendered":"<p>Bioestimulador Enzim\u00e1tico<\/p>\n<p>Harmoniza\u00e7\u00e3o &amp; Lifting Express<\/p>\n","protected":false},"featured_media":0,"comment_status":"open","ping_status":"closed","template":"","meta":{"_joinchat":[]},"product_brand":[],"product_cat":[22,21],"product_tag":[],"class_list":{"0":"post-1504","1":"product","2":"type-product","3":"status-publish","5":"product_cat-estetica-corporal","6":"product_cat-estetica-facial","8":"first","9":"instock","10":"shipping-taxable","11":"purchasable","12":"product-type-simple"},"_links":{"self":[{"href":"https:\/\/artewebmidia.com.br\/infinita\/wp-json\/wp\/v2\/product\/1504","targetHints":{"allow":["GET"]}}],"collection":[{"href":"https:\/\/artewebmidia.com.br\/infinita\/wp-json\/wp\/v2\/product"}],"about":[{"href":"https:\/\/artewebmidia.com.br\/infinita\/wp-json\/wp\/v2\/types\/product"}],"replies":[{"embeddable":true,"href":"https:\/\/artewebmidia.com.br\/infinita\/wp-json\/wp\/v2\/comments?post=1504"}],"wp:attachment":[{"href":"https:\/\/artewebmidia.com.br\/infinita\/wp-json\/wp\/v2\/media?parent=1504"}],"wp:term":[{"taxonomy":"product_brand","embeddable":true,"href":"https:\/\/artewebmidia.com.br\/infinita\/wp-json\/wp\/v2\/product_brand?post=1504"},{"taxonomy":"product_cat","embeddable":true,"href":"https:\/\/artewebmidia.com.br\/infinita\/wp-json\/wp\/v2\/product_cat?post=1504"},{"taxonomy":"product_tag","embeddable":true,"href":"https:\/\/artewebmidia.com.br\/infinita\/wp-json\/wp\/v2\/product_tag?post=1504"}],"curies":[{"name":"wp","href":"https:\/\/api.w.org\/{rel}","templated":true}]}}