{"id":427,"date":"2023-10-16T13:56:16","date_gmt":"2023-10-16T16:56:16","guid":{"rendered":"https:\/\/artewebmidia.com.br\/infinita\/?post_type=product&#038;p=427"},"modified":"2023-11-14T14:25:31","modified_gmt":"2023-11-14T17:25:31","slug":"nano-amolecedor-de-comedoes-versao-creme","status":"publish","type":"product","link":"https:\/\/artewebmidia.com.br\/infinita\/produto\/nano-amolecedor-de-comedoes-versao-creme\/","title":{"rendered":"NANO AMOLECEDOR DE COMED\u00d5ES"},"content":{"rendered":"<p>\u25cf Incompar\u00e1vel emoli\u00eancia, sem tirar a prote\u00e7\u00e3o natural da pele.<\/p>\n<p>\u25cf Emoliente ortomolecular para reposi\u00e7\u00e3o de oligoelementos e oligominerais.<\/p>\n<p>\u25cf R\u00e1pida permea\u00e7\u00e3o e dilata\u00e7\u00e3o dos poros.<\/p>\n<p>\u25cf Extrema concentra\u00e7\u00e3o de ativos bot\u00e2nicos para redu\u00e7\u00e3o da oleosidade.<\/p>\n<p>\u25cf Extrema a\u00e7\u00e3o fungicida e bactericida.<\/p>\n<p>\u25cf Cont\u00e9m nanotecnologia ultra-hidratante.<\/p>\n<p>\u25cf Atua diretamente na reposi\u00e7\u00e3o de amino\u00e1cidos essenciais.<\/p>\n<p>\u25cf N\u00e3o necessita de aquecimento ou vapor.<\/p>\n","protected":false},"excerpt":{"rendered":"<p>Completa a assepsia e higieniza\u00e7\u00e3o da pele com a finalidade de dilatar os poros e amolecer os comed\u00f5es (cravos).<\/p>\n<p>\u00danico emoliente para extra\u00e7\u00e3o no mercado mundial extremamente potencializado e nanotecnol\u00f3gico.<\/p>\n","protected":false},"featured_media":428,"comment_status":"open","ping_status":"closed","template":"","meta":{"_joinchat":[]},"product_brand":[],"product_cat":[21],"product_tag":[],"class_list":{"0":"post-427","1":"product","2":"type-product","3":"status-publish","4":"has-post-thumbnail","6":"product_cat-estetica-facial","8":"first","9":"instock","10":"shipping-taxable","11":"purchasable","12":"product-type-variable"},"_links":{"self":[{"href":"https:\/\/artewebmidia.com.br\/infinita\/wp-json\/wp\/v2\/product\/427","targetHints":{"allow":["GET"]}}],"collection":[{"href":"https:\/\/artewebmidia.com.br\/infinita\/wp-json\/wp\/v2\/product"}],"about":[{"href":"https:\/\/artewebmidia.com.br\/infinita\/wp-json\/wp\/v2\/types\/product"}],"replies":[{"embeddable":true,"href":"https:\/\/artewebmidia.com.br\/infinita\/wp-json\/wp\/v2\/comments?post=427"}],"wp:featuredmedia":[{"embeddable":true,"href":"https:\/\/artewebmidia.com.br\/infinita\/wp-json\/wp\/v2\/media\/428"}],"wp:attachment":[{"href":"https:\/\/artewebmidia.com.br\/infinita\/wp-json\/wp\/v2\/media?parent=427"}],"wp:term":[{"taxonomy":"product_brand","embeddable":true,"href":"https:\/\/artewebmidia.com.br\/infinita\/wp-json\/wp\/v2\/product_brand?post=427"},{"taxonomy":"product_cat","embeddable":true,"href":"https:\/\/artewebmidia.com.br\/infinita\/wp-json\/wp\/v2\/product_cat?post=427"},{"taxonomy":"product_tag","embeddable":true,"href":"https:\/\/artewebmidia.com.br\/infinita\/wp-json\/wp\/v2\/product_tag?post=427"}],"curies":[{"name":"wp","href":"https:\/\/api.w.org\/{rel}","templated":true}]}}