{"id":435,"date":"2023-10-16T14:40:21","date_gmt":"2023-10-16T17:40:21","guid":{"rendered":"https:\/\/artewebmidia.com.br\/infinita\/?post_type=product&#038;p=435"},"modified":"2023-11-08T11:45:44","modified_gmt":"2023-11-08T14:45:44","slug":"higi-skin","status":"publish","type":"product","link":"https:\/\/artewebmidia.com.br\/infinita\/produto\/higi-skin\/","title":{"rendered":"HIGI SKIN"},"content":{"rendered":"<p>\u25cf Fluido higienizador ultra potencializado.<br \/>\n\u25cf Extrema a\u00e7\u00e3o bactericida e fungicida.<br \/>\n\u25cf Extrema higieniza\u00e7\u00e3o e hidrata\u00e7\u00e3o profunda.<br \/>\n\u25cf Extrema a\u00e7\u00e3o secativa e renovadora do tecido.<br \/>\n\u25cf Perfeito para pr\u00e9 procedimentos.<br \/>\n\u25cf Perfeito para cicatriza\u00e7\u00e3o em procedimentos p\u00f3s-cir\u00fargicos.<br \/>\n\u25cf Perfeito para microagulhamento e micropigmenta\u00e7\u00e3o.<\/p>\n","protected":false},"excerpt":{"rendered":"<p>Fluido higienizador (sem enx\u00e1gue). Indicado para assepsia e hidrata\u00e7\u00e3o. Ideal para<br \/>\nuso em consult\u00f3rios e cl\u00ednicas de est\u00e9tica.<br \/>\nN\u00e3o cont\u00e9m \u00e1lcool.<\/p>\n","protected":false},"featured_media":439,"comment_status":"open","ping_status":"closed","template":"","meta":{"_joinchat":[]},"product_brand":[],"product_cat":[21],"product_tag":[],"class_list":{"0":"post-435","1":"product","2":"type-product","3":"status-publish","4":"has-post-thumbnail","6":"product_cat-estetica-facial","8":"first","9":"outofstock","10":"shipping-taxable","11":"purchasable","12":"product-type-variable"},"_links":{"self":[{"href":"https:\/\/artewebmidia.com.br\/infinita\/wp-json\/wp\/v2\/product\/435","targetHints":{"allow":["GET"]}}],"collection":[{"href":"https:\/\/artewebmidia.com.br\/infinita\/wp-json\/wp\/v2\/product"}],"about":[{"href":"https:\/\/artewebmidia.com.br\/infinita\/wp-json\/wp\/v2\/types\/product"}],"replies":[{"embeddable":true,"href":"https:\/\/artewebmidia.com.br\/infinita\/wp-json\/wp\/v2\/comments?post=435"}],"wp:featuredmedia":[{"embeddable":true,"href":"https:\/\/artewebmidia.com.br\/infinita\/wp-json\/wp\/v2\/media\/439"}],"wp:attachment":[{"href":"https:\/\/artewebmidia.com.br\/infinita\/wp-json\/wp\/v2\/media?parent=435"}],"wp:term":[{"taxonomy":"product_brand","embeddable":true,"href":"https:\/\/artewebmidia.com.br\/infinita\/wp-json\/wp\/v2\/product_brand?post=435"},{"taxonomy":"product_cat","embeddable":true,"href":"https:\/\/artewebmidia.com.br\/infinita\/wp-json\/wp\/v2\/product_cat?post=435"},{"taxonomy":"product_tag","embeddable":true,"href":"https:\/\/artewebmidia.com.br\/infinita\/wp-json\/wp\/v2\/product_tag?post=435"}],"curies":[{"name":"wp","href":"https:\/\/api.w.org\/{rel}","templated":true}]}}