{"id":455,"date":"2023-10-16T15:33:20","date_gmt":"2023-10-16T18:33:20","guid":{"rendered":"https:\/\/artewebmidia.com.br\/infinita\/?post_type=product&#038;p=455"},"modified":"2023-11-14T14:04:32","modified_gmt":"2023-11-14T17:04:32","slug":"sabonete-liquido-maracuja","status":"publish","type":"product","link":"https:\/\/artewebmidia.com.br\/infinita\/produto\/sabonete-liquido-maracuja\/","title":{"rendered":"SABONETE L\u00cdQUIDO MARACUJ\u00c1 PASSION FOR FRUITS"},"content":{"rendered":"<p>\u25cf Limpeza ultra profunda, sem retirar a prote\u00e7\u00e3o natural.<br \/>\n\u25cf Renova o t\u00f4nus e proporciona maciez \u00e0 pele.<br \/>\n\u25cf A\u00e7\u00e3o hidratante e suavizante.<br \/>\n\u25cf A\u00e7\u00e3o refrescante e reenergizante.<br \/>\n\u25cf Controla a oleosidade e melhora o aspecto geral da pele.<br \/>\n\u25cf Pode usar diariamente e em todos os tipos de pele.<br \/>\n\u25cf Pode utilizar como sabonete facial, corporal e at\u00e9 \u00edntimo.<\/p>\n","protected":false},"excerpt":{"rendered":"<p>Sabonete l\u00edquido facial e corporal, formulado delicadamente com subst\u00e2ncias que desobstruem os poros e n\u00e3o irritam a pele.<br \/>\nPossui Extrato Glicerinado de Flor de L\u00f3tus\u00a0 que renova o t\u00f4nus e \u00e9 eficaz na retirada das\u00a0 impurezas mais profundas. Indicado para todos os tipos de pele.<\/p>\n","protected":false},"featured_media":456,"comment_status":"open","ping_status":"closed","template":"","meta":{"_joinchat":[]},"product_brand":[],"product_cat":[21],"product_tag":[],"class_list":{"0":"post-455","1":"product","2":"type-product","3":"status-publish","4":"has-post-thumbnail","6":"product_cat-estetica-facial","8":"first","9":"instock","10":"shipping-taxable","11":"purchasable","12":"product-type-variable"},"_links":{"self":[{"href":"https:\/\/artewebmidia.com.br\/infinita\/wp-json\/wp\/v2\/product\/455","targetHints":{"allow":["GET"]}}],"collection":[{"href":"https:\/\/artewebmidia.com.br\/infinita\/wp-json\/wp\/v2\/product"}],"about":[{"href":"https:\/\/artewebmidia.com.br\/infinita\/wp-json\/wp\/v2\/types\/product"}],"replies":[{"embeddable":true,"href":"https:\/\/artewebmidia.com.br\/infinita\/wp-json\/wp\/v2\/comments?post=455"}],"wp:featuredmedia":[{"embeddable":true,"href":"https:\/\/artewebmidia.com.br\/infinita\/wp-json\/wp\/v2\/media\/456"}],"wp:attachment":[{"href":"https:\/\/artewebmidia.com.br\/infinita\/wp-json\/wp\/v2\/media?parent=455"}],"wp:term":[{"taxonomy":"product_brand","embeddable":true,"href":"https:\/\/artewebmidia.com.br\/infinita\/wp-json\/wp\/v2\/product_brand?post=455"},{"taxonomy":"product_cat","embeddable":true,"href":"https:\/\/artewebmidia.com.br\/infinita\/wp-json\/wp\/v2\/product_cat?post=455"},{"taxonomy":"product_tag","embeddable":true,"href":"https:\/\/artewebmidia.com.br\/infinita\/wp-json\/wp\/v2\/product_tag?post=455"}],"curies":[{"name":"wp","href":"https:\/\/api.w.org\/{rel}","templated":true}]}}