{"id":460,"date":"2023-10-16T15:50:20","date_gmt":"2023-10-16T18:50:20","guid":{"rendered":"https:\/\/artewebmidia.com.br\/infinita\/?post_type=product&#038;p=460"},"modified":"2024-06-17T11:22:20","modified_gmt":"2024-06-17T14:22:20","slug":"nano-vita-c","status":"publish","type":"product","link":"https:\/\/artewebmidia.com.br\/infinita\/produto\/nano-vita-c\/","title":{"rendered":"NANO VITA C &#8211; S\u00e9rum 30ml"},"content":{"rendered":"<p>\u25cf \u00danica vitamina c no mercado mundial nanoencapsulada \u00e0 25% com fatores de crescimento.<br \/>\n\u25cf Estabilizada com sil\u00edcios org\u00e2nicos, nano resveratrol (fra\u00e7\u00e3o ativa da uva) e \u00e1cido hialur\u00f4nico de baixo peso molecular nanoencapsulado.<br \/>\n\u25cf Extrema a\u00e7\u00e3o antioxidante e prote\u00e7\u00e3o contra radia\u00e7\u00e3o solar.<br \/>\n\u25cf Extrema a\u00e7\u00e3o antiaging para rejuvenescimento.<br \/>\n\u25cf Extrema a\u00e7\u00e3o hidratante, que proporciona maciez e renova\u00e7\u00e3o do t\u00f4nus.<br \/>\n\u25cf Extrema a\u00e7\u00e3o cicatrizante e restauradora da epiderme.<br \/>\n\u25cf Efeito iluminador e clareador da pele.<br \/>\n\u25cf Estimula naturalmente a forma\u00e7\u00e3o do col\u00e1geno.<br \/>\n\u25cf Nanotecnologia de preenchimento facial progressivo.<br \/>\n\u25cf Perfeito para microagulhamento e micropuntura.<br \/>\n\u25cf Resultados clinicamente comprovados ap\u00f3s 7 dias de uso.<\/p>\n","protected":false},"excerpt":{"rendered":"<p>S\u00e9rum ultra concentrado de Vitamina C \u00e0 25% com fatores de crescimento, totalmente estabilizado com avan\u00e7ada tecnologia de nanopart\u00edculas. Promove maior permea\u00e7\u00e3o e disponibiliza a Vitamina C de forma gradativa e profunda. Associado com \u00c1cido Hialur\u00f4nico, Sil\u00edcios Org\u00e2nicos e Nano Resveratrol, este produto promove m\u00e1xima a\u00e7\u00e3o antiaging e<br \/>\nantioxidante.<\/p>\n","protected":false},"featured_media":1501,"comment_status":"open","ping_status":"closed","template":"","meta":{"_joinchat":[]},"product_brand":[],"product_cat":[22,21],"product_tag":[],"class_list":{"0":"post-460","1":"product","2":"type-product","3":"status-publish","4":"has-post-thumbnail","6":"product_cat-estetica-corporal","7":"product_cat-estetica-facial","9":"first","10":"instock","11":"shipping-taxable","12":"purchasable","13":"product-type-simple"},"_links":{"self":[{"href":"https:\/\/artewebmidia.com.br\/infinita\/wp-json\/wp\/v2\/product\/460","targetHints":{"allow":["GET"]}}],"collection":[{"href":"https:\/\/artewebmidia.com.br\/infinita\/wp-json\/wp\/v2\/product"}],"about":[{"href":"https:\/\/artewebmidia.com.br\/infinita\/wp-json\/wp\/v2\/types\/product"}],"replies":[{"embeddable":true,"href":"https:\/\/artewebmidia.com.br\/infinita\/wp-json\/wp\/v2\/comments?post=460"}],"wp:featuredmedia":[{"embeddable":true,"href":"https:\/\/artewebmidia.com.br\/infinita\/wp-json\/wp\/v2\/media\/1501"}],"wp:attachment":[{"href":"https:\/\/artewebmidia.com.br\/infinita\/wp-json\/wp\/v2\/media?parent=460"}],"wp:term":[{"taxonomy":"product_brand","embeddable":true,"href":"https:\/\/artewebmidia.com.br\/infinita\/wp-json\/wp\/v2\/product_brand?post=460"},{"taxonomy":"product_cat","embeddable":true,"href":"https:\/\/artewebmidia.com.br\/infinita\/wp-json\/wp\/v2\/product_cat?post=460"},{"taxonomy":"product_tag","embeddable":true,"href":"https:\/\/artewebmidia.com.br\/infinita\/wp-json\/wp\/v2\/product_tag?post=460"}],"curies":[{"name":"wp","href":"https:\/\/api.w.org\/{rel}","templated":true}]}}