{"id":472,"date":"2023-10-16T16:41:00","date_gmt":"2023-10-16T19:41:00","guid":{"rendered":"https:\/\/artewebmidia.com.br\/infinita\/?post_type=product&#038;p=472"},"modified":"2023-11-14T15:08:44","modified_gmt":"2023-11-14T18:08:44","slug":"nano-up-factor","status":"publish","type":"product","link":"https:\/\/artewebmidia.com.br\/infinita\/produto\/nano-up-factor\/","title":{"rendered":"NANO UP FACTOR S\u00c9RUM FACIAL CONCENTRADO"},"content":{"rendered":"<p>\u25cf \u00danico s\u00e9rum no mercado mundial de dmae nanoencapsulado \u00e0 10% com fatores de crescimento.<br \/>\n\u25cf Estabilizado com sil\u00edcios org\u00e2nicos, nano resveratrol (fra\u00e7\u00e3o ativa da uva) e \u00e1cido hialur\u00f4nico de baixo peso molecular nanoencapsulado.<br \/>\n\u25cf \u00danico s\u00e9rum com alta concentra\u00e7\u00e3o de col\u00e1geno hidrolisado.<br \/>\n\u25cf Nanotecnologia de preenchimento facial progressivo.<br \/>\n\u25cf Botox natural de efeito lifting 3d imediato.<br \/>\n\u25cf Extrema a\u00e7\u00e3o anti-aging para rejuvenescimento<br \/>\n\u25cf Extrema a\u00e7\u00e3o hidratante que proporciona maciez e renova\u00e7\u00e3o do t\u00f4nus.<br \/>\n\u25cf Efeito iluminador da pele.<br \/>\n\u25cf Estimula naturalmente a forma\u00e7\u00e3o do col\u00e1geno.<br \/>\n\u25cf Proporciona mais elasticidade e firmeza \u00e0 pele.<br \/>\n\u25cf Perfeito para microagulhamento e micropuntura.<br \/>\n\u25cf Resultados clinicamente comprovados ap\u00f3s 7 dias de uso.<\/p>\n","protected":false},"excerpt":{"rendered":"<p>S\u00e9rum ultra concentrado de DMAE \u00e0 10% com a avan\u00e7ada tecnologia das Nanopart\u00edculas e fatores de crescimento. Promove m\u00e1xima<br \/>\na\u00e7\u00e3o anti-aging e antioxidante. Seus ativos proporcionam efeito lifting 3D e iluminador, atribuindo mais vi\u00e7o, firmeza e elasticidade \u00e0<br \/>\npele.<\/p>\n<p>Efeito Lifting, Antiaging e Botox-like.<\/p>\n","protected":false},"featured_media":1088,"comment_status":"open","ping_status":"closed","template":"","meta":{"_joinchat":[]},"product_brand":[],"product_cat":[21],"product_tag":[],"class_list":{"0":"post-472","1":"product","2":"type-product","3":"status-publish","4":"has-post-thumbnail","6":"product_cat-estetica-facial","8":"first","9":"instock","10":"shipping-taxable","11":"purchasable","12":"product-type-simple"},"_links":{"self":[{"href":"https:\/\/artewebmidia.com.br\/infinita\/wp-json\/wp\/v2\/product\/472","targetHints":{"allow":["GET"]}}],"collection":[{"href":"https:\/\/artewebmidia.com.br\/infinita\/wp-json\/wp\/v2\/product"}],"about":[{"href":"https:\/\/artewebmidia.com.br\/infinita\/wp-json\/wp\/v2\/types\/product"}],"replies":[{"embeddable":true,"href":"https:\/\/artewebmidia.com.br\/infinita\/wp-json\/wp\/v2\/comments?post=472"}],"wp:featuredmedia":[{"embeddable":true,"href":"https:\/\/artewebmidia.com.br\/infinita\/wp-json\/wp\/v2\/media\/1088"}],"wp:attachment":[{"href":"https:\/\/artewebmidia.com.br\/infinita\/wp-json\/wp\/v2\/media?parent=472"}],"wp:term":[{"taxonomy":"product_brand","embeddable":true,"href":"https:\/\/artewebmidia.com.br\/infinita\/wp-json\/wp\/v2\/product_brand?post=472"},{"taxonomy":"product_cat","embeddable":true,"href":"https:\/\/artewebmidia.com.br\/infinita\/wp-json\/wp\/v2\/product_cat?post=472"},{"taxonomy":"product_tag","embeddable":true,"href":"https:\/\/artewebmidia.com.br\/infinita\/wp-json\/wp\/v2\/product_tag?post=472"}],"curies":[{"name":"wp","href":"https:\/\/api.w.org\/{rel}","templated":true}]}}