{"id":480,"date":"2023-10-16T17:45:43","date_gmt":"2023-10-16T20:45:43","guid":{"rendered":"https:\/\/artewebmidia.com.br\/infinita\/?post_type=product&#038;p=480"},"modified":"2023-11-09T10:37:04","modified_gmt":"2023-11-09T13:37:04","slug":"nano-eyes","status":"publish","type":"product","link":"https:\/\/artewebmidia.com.br\/infinita\/produto\/nano-eyes\/","title":{"rendered":"NANO EYES"},"content":{"rendered":"<p>\u25cf Nanotecnologia para redu\u00e7\u00e3o de bolsas e olheiras.<br \/>\n\u25cf Extrema a\u00e7\u00e3o hidratante, proporcionando maciez e renova\u00e7\u00e3o do t\u00f4nus.<br \/>\n\u25cf Extrema a\u00e7\u00e3o antioxidante contra radia\u00e7\u00e3o solar.<br \/>\n\u25cf Efeito Iluminador da Pele.<br \/>\n\u25cf Firmeza imediata e redu\u00e7\u00e3o vis\u00edvel das olheiras.<br \/>\n\u25cf Estimula naturalmente a forma\u00e7\u00e3o do col\u00e1geno.<br \/>\n\u25cf Proporciona mais elasticidade \u00e0 pele.<br \/>\n\u25cf Melhora a apar\u00eancia geral da \u00e1rea dos olhos.<br \/>\n\u25cf Reduz linhas de express\u00e3o.<br \/>\n\u25cf Perfeito para microagulhamento.<br \/>\n\u25cf Perfeito para uso di\u00e1rio<\/p>\n<p>Quantidade: 15ml<\/p>\n","protected":false},"excerpt":{"rendered":"<p>Creme com nanotecnologia para \u00e1rea dos olhos. Combate com efic\u00e1cia bolsas, sinais do envelhecimento e olheiras. Proporciona mais firmeza e elasticidade \u00e0 pele.<\/p>\n","protected":false},"featured_media":481,"comment_status":"open","ping_status":"closed","template":"","meta":{"_joinchat":[]},"product_brand":[],"product_cat":[21],"product_tag":[],"class_list":{"0":"post-480","1":"product","2":"type-product","3":"status-publish","4":"has-post-thumbnail","6":"product_cat-estetica-facial","8":"first","9":"outofstock","10":"shipping-taxable","11":"purchasable","12":"product-type-simple"},"_links":{"self":[{"href":"https:\/\/artewebmidia.com.br\/infinita\/wp-json\/wp\/v2\/product\/480","targetHints":{"allow":["GET"]}}],"collection":[{"href":"https:\/\/artewebmidia.com.br\/infinita\/wp-json\/wp\/v2\/product"}],"about":[{"href":"https:\/\/artewebmidia.com.br\/infinita\/wp-json\/wp\/v2\/types\/product"}],"replies":[{"embeddable":true,"href":"https:\/\/artewebmidia.com.br\/infinita\/wp-json\/wp\/v2\/comments?post=480"}],"wp:featuredmedia":[{"embeddable":true,"href":"https:\/\/artewebmidia.com.br\/infinita\/wp-json\/wp\/v2\/media\/481"}],"wp:attachment":[{"href":"https:\/\/artewebmidia.com.br\/infinita\/wp-json\/wp\/v2\/media?parent=480"}],"wp:term":[{"taxonomy":"product_brand","embeddable":true,"href":"https:\/\/artewebmidia.com.br\/infinita\/wp-json\/wp\/v2\/product_brand?post=480"},{"taxonomy":"product_cat","embeddable":true,"href":"https:\/\/artewebmidia.com.br\/infinita\/wp-json\/wp\/v2\/product_cat?post=480"},{"taxonomy":"product_tag","embeddable":true,"href":"https:\/\/artewebmidia.com.br\/infinita\/wp-json\/wp\/v2\/product_tag?post=480"}],"curies":[{"name":"wp","href":"https:\/\/api.w.org\/{rel}","templated":true}]}}