{"id":592,"date":"2023-10-25T11:55:33","date_gmt":"2023-10-25T14:55:33","guid":{"rendered":"https:\/\/artewebmidia.com.br\/infinita\/?post_type=product&#038;p=592"},"modified":"2023-11-01T17:07:30","modified_gmt":"2023-11-01T20:07:30","slug":"oleo-para-massagem","status":"publish","type":"product","link":"https:\/\/artewebmidia.com.br\/infinita\/produto\/oleo-para-massagem\/","title":{"rendered":"\u00d3LEO PARA MASSAGEM"},"content":{"rendered":"<p>\u25cf \u00d3leo 100% Vegetal para Massagem.<br \/>\n\u25cf Ultra Potencializado com Extratos Bot\u00e2nicos.<br \/>\n\u25cf Rico em \u00d4megas 3, 6 e 9; 100% Biodispon\u00edveis para Permea\u00e7\u00e3o na Pele.<br \/>\n\u25cf Extrema Concentra\u00e7\u00e3o de Antioxidantes naturais.<br \/>\n\u25cf A\u00e7\u00e3o ultra Nutritiva e ultra-hidratante.<br \/>\n\u25cf Perfeita permea\u00e7\u00e3o, deixando a pele aveludada.<br \/>\n\u25cf Perfeito para Massagem Relaxante.<br \/>\n\u25cf Perfeito para p\u00f3s-oper\u00e1torio.<\/p>\n","protected":false},"excerpt":{"rendered":"<p>\u00d3leo 100% Vegetal e Ecologicamente Correto. Indicado para massagem relaxante, terap\u00eautica e drenagem linf\u00e1tica. Formulado delicadamente com \u00d3leos Vegetais e Extratos Naturais que proporcionam toque sedoso e<br \/>\naveludado \u00e0 pele. Promove maciez, hidrata\u00e7\u00e3o e melhora a permeabilidade cut\u00e2nea.<\/p>\n","protected":false},"featured_media":716,"comment_status":"open","ping_status":"closed","template":"","meta":{"_joinchat":[]},"product_brand":[],"product_cat":[22],"product_tag":[],"class_list":{"0":"post-592","1":"product","2":"type-product","3":"status-publish","4":"has-post-thumbnail","6":"product_cat-estetica-corporal","8":"first","9":"instock","10":"shipping-taxable","11":"purchasable","12":"product-type-variable"},"_links":{"self":[{"href":"https:\/\/artewebmidia.com.br\/infinita\/wp-json\/wp\/v2\/product\/592","targetHints":{"allow":["GET"]}}],"collection":[{"href":"https:\/\/artewebmidia.com.br\/infinita\/wp-json\/wp\/v2\/product"}],"about":[{"href":"https:\/\/artewebmidia.com.br\/infinita\/wp-json\/wp\/v2\/types\/product"}],"replies":[{"embeddable":true,"href":"https:\/\/artewebmidia.com.br\/infinita\/wp-json\/wp\/v2\/comments?post=592"}],"wp:featuredmedia":[{"embeddable":true,"href":"https:\/\/artewebmidia.com.br\/infinita\/wp-json\/wp\/v2\/media\/716"}],"wp:attachment":[{"href":"https:\/\/artewebmidia.com.br\/infinita\/wp-json\/wp\/v2\/media?parent=592"}],"wp:term":[{"taxonomy":"product_brand","embeddable":true,"href":"https:\/\/artewebmidia.com.br\/infinita\/wp-json\/wp\/v2\/product_brand?post=592"},{"taxonomy":"product_cat","embeddable":true,"href":"https:\/\/artewebmidia.com.br\/infinita\/wp-json\/wp\/v2\/product_cat?post=592"},{"taxonomy":"product_tag","embeddable":true,"href":"https:\/\/artewebmidia.com.br\/infinita\/wp-json\/wp\/v2\/product_tag?post=592"}],"curies":[{"name":"wp","href":"https:\/\/api.w.org\/{rel}","templated":true}]}}