{"id":610,"date":"2023-10-30T10:14:19","date_gmt":"2023-10-30T13:14:19","guid":{"rendered":"https:\/\/artewebmidia.com.br\/infinita\/?post_type=product&#038;p=610"},"modified":"2023-11-09T10:29:46","modified_gmt":"2023-11-09T13:29:46","slug":"hyaluron-factor-30ml","status":"publish","type":"product","link":"https:\/\/artewebmidia.com.br\/infinita\/produto\/hyaluron-factor-30ml\/","title":{"rendered":"HYALURON FACTOR 30ML"},"content":{"rendered":"<p>\u25cf 8 Tipos de \u00c1cido Hialur\u00f4nico em um \u00fanico produto<\/p>\n<p>\u25cf Primeiro s\u00e9rum redensificador com fatores de crescimento e sil\u00edcios org\u00e2nicos do mundo<\/p>\n<p>\u25cf \u00danico que preenche todas as camadas da pele com a\u00e7\u00e3o regeneradora<\/p>\n<p>\u25cf Reparador e Preenchedor<\/p>\n<p>\u25cf Volumizador e Firmador<\/p>\n<p>\u25cf Melhora a elasticidade e diminui a flacidez<\/p>\n<p>\u25cf Estimula a s\u00edntese de \u00e1cido hialur\u00f4nico end\u00f3geno e col\u00e1geno<\/p>\n<p>\u25cf A\u00e7\u00e3o antirrugas profunda.<\/p>\n<p>\u25cf Poder Ultra Hidratante<\/p>\n","protected":false},"excerpt":{"rendered":"<p>S\u00e9rum facial redensificador formulado com oito tipos de \u00c1cido Hialur\u00f4nico com pesos moleculares variados que agem em diferentes camadas da pele.<\/p>\n<p>Possui ativos nanotecnol\u00f3gicos e polissacar\u00eddeos vegetais que potencializam a firmeza e a hidrata\u00e7\u00e3o.<\/p>\n<p>Al\u00e9m da melhora da elasticidade, estimula da s\u00edntese de col\u00e1geno, possui a\u00e7\u00e3o antirrugas e regeneradora.<\/p>\n","protected":false},"featured_media":611,"comment_status":"open","ping_status":"closed","template":"","meta":{"_joinchat":[]},"product_brand":[],"product_cat":[21],"product_tag":[],"class_list":{"0":"post-610","1":"product","2":"type-product","3":"status-publish","4":"has-post-thumbnail","6":"product_cat-estetica-facial","8":"first","9":"instock","10":"shipping-taxable","11":"purchasable","12":"product-type-simple"},"_links":{"self":[{"href":"https:\/\/artewebmidia.com.br\/infinita\/wp-json\/wp\/v2\/product\/610","targetHints":{"allow":["GET"]}}],"collection":[{"href":"https:\/\/artewebmidia.com.br\/infinita\/wp-json\/wp\/v2\/product"}],"about":[{"href":"https:\/\/artewebmidia.com.br\/infinita\/wp-json\/wp\/v2\/types\/product"}],"replies":[{"embeddable":true,"href":"https:\/\/artewebmidia.com.br\/infinita\/wp-json\/wp\/v2\/comments?post=610"}],"wp:featuredmedia":[{"embeddable":true,"href":"https:\/\/artewebmidia.com.br\/infinita\/wp-json\/wp\/v2\/media\/611"}],"wp:attachment":[{"href":"https:\/\/artewebmidia.com.br\/infinita\/wp-json\/wp\/v2\/media?parent=610"}],"wp:term":[{"taxonomy":"product_brand","embeddable":true,"href":"https:\/\/artewebmidia.com.br\/infinita\/wp-json\/wp\/v2\/product_brand?post=610"},{"taxonomy":"product_cat","embeddable":true,"href":"https:\/\/artewebmidia.com.br\/infinita\/wp-json\/wp\/v2\/product_cat?post=610"},{"taxonomy":"product_tag","embeddable":true,"href":"https:\/\/artewebmidia.com.br\/infinita\/wp-json\/wp\/v2\/product_tag?post=610"}],"curies":[{"name":"wp","href":"https:\/\/api.w.org\/{rel}","templated":true}]}}