{"id":627,"date":"2023-10-30T11:43:38","date_gmt":"2023-10-30T14:43:38","guid":{"rendered":"https:\/\/artewebmidia.com.br\/infinita\/?post_type=product&#038;p=627"},"modified":"2023-11-08T11:31:08","modified_gmt":"2023-11-08T14:31:08","slug":"eco-fruits-2","status":"publish","type":"product","link":"https:\/\/artewebmidia.com.br\/infinita\/produto\/eco-fruits-2\/","title":{"rendered":"SABONETE DE \u00c1CIDOS ECO FRUITS"},"content":{"rendered":"<p>\u25cf \u00danico Sabonete do Mercado com v\u00e1rios Alfa-Hidroxi-\u00c1cidos associados + Vitamina C.<\/p>\n<p>\u25cf Extrema A\u00e7\u00e3o Esfoliante qu\u00edmica e Rejuvenescedora.<\/p>\n<p>\u25cf Extrema A\u00e7\u00e3o Queratol\u00edtica para Clareamento de Manchas.<\/p>\n<p>\u25cf Remove as Impurezas nas camadas mais profundas da pele.<\/p>\n<p>\u25cf Promove Descama\u00e7\u00e3o da Epiderme sem irritar a pele.<\/p>\n<p>\u25cf Estimula a Renova\u00e7\u00e3o Celular e ainda possui grande A\u00e7\u00e3o Antioxidante.<\/p>\n<p>\u25cf Perfeito para controle de oleosidade<br \/>\nde peles acneicas<\/p>\n","protected":false},"excerpt":{"rendered":"<p>Sabonete de \u00e1cidos elaborado delicadamente com extratos bot\u00e2nicos contendo alfa-hidroxi-\u00e1cidos naturais, os quais promovem leve descama\u00e7\u00e3o epitelial e contribuem para a renova\u00e7\u00e3o da epiderme sem irritar a pele. Desobstrui os poros, retira as impurezas mais profundas e renova a pele.<\/p>\n","protected":false},"featured_media":630,"comment_status":"open","ping_status":"closed","template":"","meta":{"_joinchat":[]},"product_brand":[],"product_cat":[21],"product_tag":[],"class_list":{"0":"post-627","1":"product","2":"type-product","3":"status-publish","4":"has-post-thumbnail","6":"product_cat-estetica-facial","8":"first","9":"instock","10":"shipping-taxable","11":"purchasable","12":"product-type-variable"},"_links":{"self":[{"href":"https:\/\/artewebmidia.com.br\/infinita\/wp-json\/wp\/v2\/product\/627","targetHints":{"allow":["GET"]}}],"collection":[{"href":"https:\/\/artewebmidia.com.br\/infinita\/wp-json\/wp\/v2\/product"}],"about":[{"href":"https:\/\/artewebmidia.com.br\/infinita\/wp-json\/wp\/v2\/types\/product"}],"replies":[{"embeddable":true,"href":"https:\/\/artewebmidia.com.br\/infinita\/wp-json\/wp\/v2\/comments?post=627"}],"wp:featuredmedia":[{"embeddable":true,"href":"https:\/\/artewebmidia.com.br\/infinita\/wp-json\/wp\/v2\/media\/630"}],"wp:attachment":[{"href":"https:\/\/artewebmidia.com.br\/infinita\/wp-json\/wp\/v2\/media?parent=627"}],"wp:term":[{"taxonomy":"product_brand","embeddable":true,"href":"https:\/\/artewebmidia.com.br\/infinita\/wp-json\/wp\/v2\/product_brand?post=627"},{"taxonomy":"product_cat","embeddable":true,"href":"https:\/\/artewebmidia.com.br\/infinita\/wp-json\/wp\/v2\/product_cat?post=627"},{"taxonomy":"product_tag","embeddable":true,"href":"https:\/\/artewebmidia.com.br\/infinita\/wp-json\/wp\/v2\/product_tag?post=627"}],"curies":[{"name":"wp","href":"https:\/\/api.w.org\/{rel}","templated":true}]}}