{"id":632,"date":"2023-10-31T09:19:55","date_gmt":"2023-10-31T12:19:55","guid":{"rendered":"https:\/\/artewebmidia.com.br\/infinita\/?post_type=product&#038;p=632"},"modified":"2024-04-01T10:52:05","modified_gmt":"2024-04-01T13:52:05","slug":"nano-normalizadora","status":"publish","type":"product","link":"https:\/\/artewebmidia.com.br\/infinita\/produto\/nano-normalizadora\/","title":{"rendered":"NANO NORMALIZADORA"},"content":{"rendered":"<p>\u25cf Lo\u00e7\u00e3o ortomolecular para reposi\u00e7\u00e3o de oligoelementos e oligominerais.<br \/>\n\u25cf Restabelece equil\u00edbrio do ph fisol\u00f3gico sem retirar a prote\u00e7\u00e3o natural.<br \/>\n\u25cf Remo\u00e7\u00e3o da oleosidade nas camadas mais profundas da pele.<br \/>\n\u25cf A\u00e7\u00e3o secativa potencializada com ativo vetorizado.<br \/>\n\u25cf A\u00e7\u00e3o cicatrizante e dermopurificadora.<br \/>\n\u25cf A\u00e7\u00e3o estimulante e adstringente.<br \/>\n\u25cf A\u00e7\u00e3o de hidrata\u00e7\u00e3o profunda e restauradora do tecido.<br \/>\n\u25cf Perfeito para p\u00f3s-procedimentos e esfolia\u00e7\u00f5es f\u00edsicas e qu\u00edmicas.<\/p>\n","protected":false},"excerpt":{"rendered":"<p>Lo\u00e7\u00e3o Normalizadora que restabelece o pH fisiol\u00f3gico da pele. Potencializada com ativos que atuam moderando a secre\u00e7\u00e3o seb\u00e1cea e que tem a\u00e7\u00e3o antiss\u00e9ptica, regeneradora e adstringente.<\/p>\n<p>Acentua a renova\u00e7\u00e3o natural da pele, pois cont\u00e9m em sua formula\u00e7\u00e3o emolientes naturais que complementam a etapa de higieniza\u00e7\u00e3o.<\/p>\n<p>N\u00e3o cont\u00e9m \u00e1lcool.<\/p>\n","protected":false},"featured_media":638,"comment_status":"open","ping_status":"closed","template":"","meta":{"_joinchat":[]},"product_brand":[],"product_cat":[21],"product_tag":[],"class_list":{"0":"post-632","1":"product","2":"type-product","3":"status-publish","4":"has-post-thumbnail","6":"product_cat-estetica-facial","8":"first","9":"instock","10":"shipping-taxable","11":"purchasable","12":"product-type-variable"},"_links":{"self":[{"href":"https:\/\/artewebmidia.com.br\/infinita\/wp-json\/wp\/v2\/product\/632","targetHints":{"allow":["GET"]}}],"collection":[{"href":"https:\/\/artewebmidia.com.br\/infinita\/wp-json\/wp\/v2\/product"}],"about":[{"href":"https:\/\/artewebmidia.com.br\/infinita\/wp-json\/wp\/v2\/types\/product"}],"replies":[{"embeddable":true,"href":"https:\/\/artewebmidia.com.br\/infinita\/wp-json\/wp\/v2\/comments?post=632"}],"wp:featuredmedia":[{"embeddable":true,"href":"https:\/\/artewebmidia.com.br\/infinita\/wp-json\/wp\/v2\/media\/638"}],"wp:attachment":[{"href":"https:\/\/artewebmidia.com.br\/infinita\/wp-json\/wp\/v2\/media?parent=632"}],"wp:term":[{"taxonomy":"product_brand","embeddable":true,"href":"https:\/\/artewebmidia.com.br\/infinita\/wp-json\/wp\/v2\/product_brand?post=632"},{"taxonomy":"product_cat","embeddable":true,"href":"https:\/\/artewebmidia.com.br\/infinita\/wp-json\/wp\/v2\/product_cat?post=632"},{"taxonomy":"product_tag","embeddable":true,"href":"https:\/\/artewebmidia.com.br\/infinita\/wp-json\/wp\/v2\/product_tag?post=632"}],"curies":[{"name":"wp","href":"https:\/\/api.w.org\/{rel}","templated":true}]}}