{"id":647,"date":"2023-10-31T09:57:22","date_gmt":"2023-10-31T12:57:22","guid":{"rendered":"https:\/\/artewebmidia.com.br\/infinita\/?post_type=product&#038;p=647"},"modified":"2023-11-08T11:18:06","modified_gmt":"2023-11-08T14:18:06","slug":"agua-thermal","status":"publish","type":"product","link":"https:\/\/artewebmidia.com.br\/infinita\/produto\/agua-thermal\/","title":{"rendered":"\u00c1GUA THERMAL"},"content":{"rendered":"<p>\u25cf \u00danica \u00e1gua thermal do mercado com reposi\u00e7\u00e3o de col\u00e1geno hidrolisado essencial para a pele.<br \/>\n\u25cf \u00c1gua thermal ortomolecular para reposi\u00e7\u00e3o de oligoelementos e oligominerais.<br \/>\n\u25cf Efeito extremamente hidratante e restaurador do tecido.<br \/>\n\u25cf Extrema a\u00e7\u00e3o anti-glicante e potente rejuvenescedor.<br \/>\n\u25cf Extrema a\u00e7\u00e3o calmante e suavizante da pele.<br \/>\n\u25cf Perfeito para utiliza\u00e7\u00e3o no p\u00f3s-sol.<br \/>\n\u25cf Ativador enzim\u00e1tico e auxiliar na fixa\u00e7\u00e3o do bronzeado.<br \/>\n\u25cf Perfeito para utiliza\u00e7\u00e3o em p\u00f3s-procedimentos.<\/p>\n","protected":false},"excerpt":{"rendered":"<p>\u00c1gua potencializada com complexo de Oligoelementos, Oligominerais e Col\u00e1geno Hidrolisado. Possui efeito hidratante, restabelecendo a pele e acentuando sua renova\u00e7\u00e3o natural.<\/p>\n<p>Ajuda a emulsionar e potencializar a a\u00e7\u00e3o das argilas e m\u00e1scaras em p\u00f3, devido \u00e0 alta concentra\u00e7\u00e3o de Oligoelementos e Oligominerais essenciais para a manuten\u00e7\u00e3o da pele.<\/p>\n<p>Pela presen\u00e7a do Col\u00e1geno Hidrolisado, confere excelente poder hidratante, indispens\u00e1vel para manter a flexibilidade e elasticidade da pele, al\u00e9m de melhorar sua permeabilidade. Recomenda-se o uso pr\u00e9-maquiagem.<\/p>\n","protected":false},"featured_media":650,"comment_status":"open","ping_status":"closed","template":"","meta":{"_joinchat":[]},"product_brand":[],"product_cat":[21],"product_tag":[],"class_list":{"0":"post-647","1":"product","2":"type-product","3":"status-publish","4":"has-post-thumbnail","6":"product_cat-estetica-facial","8":"first","9":"instock","10":"shipping-taxable","11":"purchasable","12":"product-type-variable"},"_links":{"self":[{"href":"https:\/\/artewebmidia.com.br\/infinita\/wp-json\/wp\/v2\/product\/647","targetHints":{"allow":["GET"]}}],"collection":[{"href":"https:\/\/artewebmidia.com.br\/infinita\/wp-json\/wp\/v2\/product"}],"about":[{"href":"https:\/\/artewebmidia.com.br\/infinita\/wp-json\/wp\/v2\/types\/product"}],"replies":[{"embeddable":true,"href":"https:\/\/artewebmidia.com.br\/infinita\/wp-json\/wp\/v2\/comments?post=647"}],"wp:featuredmedia":[{"embeddable":true,"href":"https:\/\/artewebmidia.com.br\/infinita\/wp-json\/wp\/v2\/media\/650"}],"wp:attachment":[{"href":"https:\/\/artewebmidia.com.br\/infinita\/wp-json\/wp\/v2\/media?parent=647"}],"wp:term":[{"taxonomy":"product_brand","embeddable":true,"href":"https:\/\/artewebmidia.com.br\/infinita\/wp-json\/wp\/v2\/product_brand?post=647"},{"taxonomy":"product_cat","embeddable":true,"href":"https:\/\/artewebmidia.com.br\/infinita\/wp-json\/wp\/v2\/product_cat?post=647"},{"taxonomy":"product_tag","embeddable":true,"href":"https:\/\/artewebmidia.com.br\/infinita\/wp-json\/wp\/v2\/product_tag?post=647"}],"curies":[{"name":"wp","href":"https:\/\/api.w.org\/{rel}","templated":true}]}}