{"id":659,"date":"2023-10-31T10:21:15","date_gmt":"2023-10-31T13:21:15","guid":{"rendered":"https:\/\/artewebmidia.com.br\/infinita\/?post_type=product&#038;p=659"},"modified":"2023-11-08T11:10:57","modified_gmt":"2023-11-08T14:10:57","slug":"hydra-power","status":"publish","type":"product","link":"https:\/\/artewebmidia.com.br\/infinita\/produto\/hydra-power\/","title":{"rendered":"HYDRA POWER"},"content":{"rendered":"<p>\u25cf M\u00e1scara de argila extremamente hidratante.<br \/>\n\u25cf M\u00e1scara ortomolecular para reposi\u00e7\u00e3o de oligoelementos e oligominerais.<br \/>\n\u25cf Atua diretamente na reposi\u00e7\u00e3o de amino\u00e1cidos essenciais.<br \/>\n\u25cf Atua diretamente na reposi\u00e7\u00e3o de col\u00e1geno para a pele.<br \/>\n\u25cf Cont\u00e9m propriedades relaxantes, antioxidantes, revigorantes e tonificantes da pele.<br \/>\n\u25cf Extrema a\u00e7\u00e3o remineralizante, suavizante e renovadora da epiderme.<br \/>\n\u25cf Extrema a\u00e7\u00e3o estimulante e refrescante.<\/p>\n","protected":false},"excerpt":{"rendered":"<p>M\u00e1scara de argila extremamente hidratante.<br \/>\nM\u00e1scara ortomolecular para reposi\u00e7\u00e3o de oligoelementos e oligominerais.<br \/>\nAtua diretamente na reposi\u00e7\u00e3o de amino\u00e1cidos essenciais.<br \/>\nAtua diretamente na reposi\u00e7\u00e3o de col\u00e1geno para a pele.<br \/>\nCont\u00e9m propriedades relaxantes, antioxidantes, revigorantes e tonificantes da pele.<br \/>\nExtrema a\u00e7\u00e3o remineralizante, suavizante e renovadora da epiderme.<br \/>\nExtrema a\u00e7\u00e3o estimulante e refrescante.<\/p>\n","protected":false},"featured_media":660,"comment_status":"open","ping_status":"closed","template":"","meta":{"_joinchat":[]},"product_brand":[],"product_cat":[22,21],"product_tag":[],"class_list":{"0":"post-659","1":"product","2":"type-product","3":"status-publish","4":"has-post-thumbnail","6":"product_cat-estetica-corporal","7":"product_cat-estetica-facial","9":"first","10":"outofstock","11":"shipping-taxable","12":"purchasable","13":"product-type-simple"},"_links":{"self":[{"href":"https:\/\/artewebmidia.com.br\/infinita\/wp-json\/wp\/v2\/product\/659","targetHints":{"allow":["GET"]}}],"collection":[{"href":"https:\/\/artewebmidia.com.br\/infinita\/wp-json\/wp\/v2\/product"}],"about":[{"href":"https:\/\/artewebmidia.com.br\/infinita\/wp-json\/wp\/v2\/types\/product"}],"replies":[{"embeddable":true,"href":"https:\/\/artewebmidia.com.br\/infinita\/wp-json\/wp\/v2\/comments?post=659"}],"wp:featuredmedia":[{"embeddable":true,"href":"https:\/\/artewebmidia.com.br\/infinita\/wp-json\/wp\/v2\/media\/660"}],"wp:attachment":[{"href":"https:\/\/artewebmidia.com.br\/infinita\/wp-json\/wp\/v2\/media?parent=659"}],"wp:term":[{"taxonomy":"product_brand","embeddable":true,"href":"https:\/\/artewebmidia.com.br\/infinita\/wp-json\/wp\/v2\/product_brand?post=659"},{"taxonomy":"product_cat","embeddable":true,"href":"https:\/\/artewebmidia.com.br\/infinita\/wp-json\/wp\/v2\/product_cat?post=659"},{"taxonomy":"product_tag","embeddable":true,"href":"https:\/\/artewebmidia.com.br\/infinita\/wp-json\/wp\/v2\/product_tag?post=659"}],"curies":[{"name":"wp","href":"https:\/\/api.w.org\/{rel}","templated":true}]}}