{"id":662,"date":"2023-10-31T10:42:45","date_gmt":"2023-10-31T13:42:45","guid":{"rendered":"https:\/\/artewebmidia.com.br\/infinita\/?post_type=product&#038;p=662"},"modified":"2024-03-12T10:26:31","modified_gmt":"2024-03-12T13:26:31","slug":"calming-mask","status":"publish","type":"product","link":"https:\/\/artewebmidia.com.br\/infinita\/produto\/calming-mask\/","title":{"rendered":"CALMING MASK"},"content":{"rendered":"<p>\u25cf Imunocosm\u00e9tico calmante e precursor do fator de crescimento de transforma\u00e7\u00e3o beta.<br \/>\n\u25cf Possui alta permea\u00e7\u00e3o cut\u00e2nea, proporcionando efeito imediato.<br \/>\n\u25cf Extrema a\u00e7\u00e3o calmante e refrescante.<br \/>\n\u25cf Extrema a\u00e7\u00e3o cicatrizante e revitalizante.<br \/>\n\u25cf Melhora os sintomas da inflama\u00e7\u00e3o na<br \/>\ndermatite at\u00f3pica e na psor\u00edase;<br \/>\n\u25cf Possui profunda a\u00e7\u00e3o antioxidante e t\u00f4nica na pele.<br \/>\n\u25cf Excelente renovador da epiderme.<br \/>\n\u25cf Reduz a perda transepidermal de \u00e1gua (tewl), evitando o ressecamento da pele.<br \/>\n\u25cf Promove hidrata\u00e7\u00e3o profunda.<br \/>\n\u25cf Perfeito para aplica\u00e7\u00e3o p\u00f3s-procedimentos e microagulhamento.<br \/>\n\u25cf Perfeito como p\u00f3s-sol, pois tem a\u00e7\u00e3o calmante imediata.<\/p>\n","protected":false},"excerpt":{"rendered":"<p>M\u00e1scara potencializada com ativos de a\u00e7\u00e3o calmante, refrescante, descongestionante, dermopurificante, adstringente e t\u00f4nica.<br \/>\nDiminui a ocorr\u00eancia de processos inflamat\u00f3rios secund\u00e1rios que podem ocorrer ap\u00f3s as extra\u00e7\u00f5es de comed\u00f5es, acnes, depila\u00e7\u00e3o e epila\u00e7\u00e3o.<\/p>\n<p>Possui a\u00e7\u00e3o secativa e corretiva. Recomenda-se o uso pr\u00e9-maquiagem.<\/p>\n","protected":false},"featured_media":663,"comment_status":"open","ping_status":"closed","template":"","meta":{"_joinchat":[]},"product_brand":[],"product_cat":[22,21],"product_tag":[],"class_list":{"0":"post-662","1":"product","2":"type-product","3":"status-publish","4":"has-post-thumbnail","6":"product_cat-estetica-corporal","7":"product_cat-estetica-facial","9":"first","10":"instock","11":"shipping-taxable","12":"purchasable","13":"product-type-simple"},"_links":{"self":[{"href":"https:\/\/artewebmidia.com.br\/infinita\/wp-json\/wp\/v2\/product\/662","targetHints":{"allow":["GET"]}}],"collection":[{"href":"https:\/\/artewebmidia.com.br\/infinita\/wp-json\/wp\/v2\/product"}],"about":[{"href":"https:\/\/artewebmidia.com.br\/infinita\/wp-json\/wp\/v2\/types\/product"}],"replies":[{"embeddable":true,"href":"https:\/\/artewebmidia.com.br\/infinita\/wp-json\/wp\/v2\/comments?post=662"}],"wp:featuredmedia":[{"embeddable":true,"href":"https:\/\/artewebmidia.com.br\/infinita\/wp-json\/wp\/v2\/media\/663"}],"wp:attachment":[{"href":"https:\/\/artewebmidia.com.br\/infinita\/wp-json\/wp\/v2\/media?parent=662"}],"wp:term":[{"taxonomy":"product_brand","embeddable":true,"href":"https:\/\/artewebmidia.com.br\/infinita\/wp-json\/wp\/v2\/product_brand?post=662"},{"taxonomy":"product_cat","embeddable":true,"href":"https:\/\/artewebmidia.com.br\/infinita\/wp-json\/wp\/v2\/product_cat?post=662"},{"taxonomy":"product_tag","embeddable":true,"href":"https:\/\/artewebmidia.com.br\/infinita\/wp-json\/wp\/v2\/product_tag?post=662"}],"curies":[{"name":"wp","href":"https:\/\/api.w.org\/{rel}","templated":true}]}}