{"id":664,"date":"2023-10-31T10:51:49","date_gmt":"2023-10-31T13:51:49","guid":{"rendered":"https:\/\/artewebmidia.com.br\/infinita\/?post_type=product&#038;p=664"},"modified":"2023-11-08T11:08:07","modified_gmt":"2023-11-08T14:08:07","slug":"mascara-secativa","status":"publish","type":"product","link":"https:\/\/artewebmidia.com.br\/infinita\/produto\/mascara-secativa\/","title":{"rendered":"M\u00c1SCARA SECATIVA"},"content":{"rendered":"<p>\u25cf M\u00e1scara extremamente secativa de argila em creme.<br \/>\n\u25cf Reduz profundamente a oleosidade de peles acneicas.<br \/>\n\u25cf Extrema a\u00e7\u00e3o cicatrizante e revitalizante.<br \/>\n\u25cf Cont\u00e9m propriedades relaxantes, antioxidantes, revigorantes e tonificantes da pele.<br \/>\n\u25cf Extrema a\u00e7\u00e3o remineralizante, suavizante, hidratante e renovadora da epiderme.<br \/>\n\u25cf Extrama a\u00e7\u00e3o antiss\u00e9ptica e bactericida.<br \/>\n\u25cf Extrema a\u00e7\u00e3o enzim\u00e1tica rejuvenescedora.<br \/>\n\u25cf Extrema a\u00e7\u00e3o estimulante e refrescante.<\/p>\n","protected":false},"excerpt":{"rendered":"<p>M\u00e1scara de argila de f\u00e1cil aplica\u00e7\u00e3o, potencializada com ativos que diminuem a oleosidade e com extrema a\u00e7\u00e3o secativa.<\/p>\n","protected":false},"featured_media":666,"comment_status":"open","ping_status":"closed","template":"","meta":{"_joinchat":[]},"product_brand":[],"product_cat":[21],"product_tag":[],"class_list":{"0":"post-664","1":"product","2":"type-product","3":"status-publish","4":"has-post-thumbnail","6":"product_cat-estetica-facial","8":"first","9":"instock","10":"shipping-taxable","11":"purchasable","12":"product-type-simple"},"_links":{"self":[{"href":"https:\/\/artewebmidia.com.br\/infinita\/wp-json\/wp\/v2\/product\/664","targetHints":{"allow":["GET"]}}],"collection":[{"href":"https:\/\/artewebmidia.com.br\/infinita\/wp-json\/wp\/v2\/product"}],"about":[{"href":"https:\/\/artewebmidia.com.br\/infinita\/wp-json\/wp\/v2\/types\/product"}],"replies":[{"embeddable":true,"href":"https:\/\/artewebmidia.com.br\/infinita\/wp-json\/wp\/v2\/comments?post=664"}],"wp:featuredmedia":[{"embeddable":true,"href":"https:\/\/artewebmidia.com.br\/infinita\/wp-json\/wp\/v2\/media\/666"}],"wp:attachment":[{"href":"https:\/\/artewebmidia.com.br\/infinita\/wp-json\/wp\/v2\/media?parent=664"}],"wp:term":[{"taxonomy":"product_brand","embeddable":true,"href":"https:\/\/artewebmidia.com.br\/infinita\/wp-json\/wp\/v2\/product_brand?post=664"},{"taxonomy":"product_cat","embeddable":true,"href":"https:\/\/artewebmidia.com.br\/infinita\/wp-json\/wp\/v2\/product_cat?post=664"},{"taxonomy":"product_tag","embeddable":true,"href":"https:\/\/artewebmidia.com.br\/infinita\/wp-json\/wp\/v2\/product_tag?post=664"}],"curies":[{"name":"wp","href":"https:\/\/api.w.org\/{rel}","templated":true}]}}