{"id":671,"date":"2023-10-31T11:11:08","date_gmt":"2023-10-31T14:11:08","guid":{"rendered":"https:\/\/artewebmidia.com.br\/infinita\/?post_type=product&#038;p=671"},"modified":"2023-11-08T11:05:14","modified_gmt":"2023-11-08T14:05:14","slug":"black-mask","status":"publish","type":"product","link":"https:\/\/artewebmidia.com.br\/infinita\/produto\/black-mask\/","title":{"rendered":"BLACK MASK"},"content":{"rendered":"<p>\u25cf Argila pura e natural.<br \/>\n\u25cf 100% natural e biodegrad\u00e1vel.<br \/>\n\u25cf Perfeita para protocolos faciais, corporais e capilares.<br \/>\n\u25cf Auxilia no combate \u00e0s linhas de express\u00e3o e flacidez.<br \/>\n\u25cf Auxilia no controle da oleosidade.<br \/>\n\u25cf Perfeita para combater acne.<br \/>\n\u25cf Possui a\u00e7\u00e3o desintoxicante.<br \/>\n\u25cf Possui a\u00e7\u00e3o anti-inflamat\u00f3ria e anti-stress.<\/p>\n","protected":false},"excerpt":{"rendered":"<p>M\u00e1scara de argila preta em p\u00f3, potencializada com Oligoelementos e Oligominerais. Com grande potencial rejuvenescedor, a Argila Preta, tamb\u00e9m conhecida como Lama Vulc\u00e2nica ou Lama Negra, \u00e9 capaz de desintoxicar a pele e estimular a circula\u00e7\u00e3o sangu\u00ednea.<\/p>\n","protected":false},"featured_media":672,"comment_status":"open","ping_status":"closed","template":"","meta":{"_joinchat":[]},"product_brand":[],"product_cat":[21],"product_tag":[],"class_list":{"0":"post-671","1":"product","2":"type-product","3":"status-publish","4":"has-post-thumbnail","6":"product_cat-estetica-facial","8":"first","9":"instock","10":"shipping-taxable","11":"purchasable","12":"product-type-simple"},"_links":{"self":[{"href":"https:\/\/artewebmidia.com.br\/infinita\/wp-json\/wp\/v2\/product\/671","targetHints":{"allow":["GET"]}}],"collection":[{"href":"https:\/\/artewebmidia.com.br\/infinita\/wp-json\/wp\/v2\/product"}],"about":[{"href":"https:\/\/artewebmidia.com.br\/infinita\/wp-json\/wp\/v2\/types\/product"}],"replies":[{"embeddable":true,"href":"https:\/\/artewebmidia.com.br\/infinita\/wp-json\/wp\/v2\/comments?post=671"}],"wp:featuredmedia":[{"embeddable":true,"href":"https:\/\/artewebmidia.com.br\/infinita\/wp-json\/wp\/v2\/media\/672"}],"wp:attachment":[{"href":"https:\/\/artewebmidia.com.br\/infinita\/wp-json\/wp\/v2\/media?parent=671"}],"wp:term":[{"taxonomy":"product_brand","embeddable":true,"href":"https:\/\/artewebmidia.com.br\/infinita\/wp-json\/wp\/v2\/product_brand?post=671"},{"taxonomy":"product_cat","embeddable":true,"href":"https:\/\/artewebmidia.com.br\/infinita\/wp-json\/wp\/v2\/product_cat?post=671"},{"taxonomy":"product_tag","embeddable":true,"href":"https:\/\/artewebmidia.com.br\/infinita\/wp-json\/wp\/v2\/product_tag?post=671"}],"curies":[{"name":"wp","href":"https:\/\/api.w.org\/{rel}","templated":true}]}}