{"id":675,"date":"2023-10-31T11:21:42","date_gmt":"2023-10-31T14:21:42","guid":{"rendered":"https:\/\/artewebmidia.com.br\/infinita\/?post_type=product&#038;p=675"},"modified":"2023-11-08T10:45:21","modified_gmt":"2023-11-08T13:45:21","slug":"white-mask","status":"publish","type":"product","link":"https:\/\/artewebmidia.com.br\/infinita\/produto\/white-mask\/","title":{"rendered":"WHITE MASK"},"content":{"rendered":"<p>\u25cf Argila pura e natural.<br \/>\n\u25cf 100% natural e biodegrad\u00e1vel.<br \/>\n\u25cf Perfeita para protocolos faciais, corporais e capilares.<br \/>\n\u25cf Auxilia no controle da oleosidade.<br \/>\n\u25cf Perfeita para combater Acne.<br \/>\n\u25cf Possui a\u00e7\u00e3o tonificante, adstringente e estimulante.<br \/>\n\u25cf Perfeita para clareamento de manchas.<br \/>\n\u25cf Perfeita para protocolos rejuvenescedores.<br \/>\n\u25cf Possui a\u00e7\u00e3o anti-inflamat\u00f3ria.<br \/>\n\u25cf Possui a\u00e7\u00e3o cicatrizante.<\/p>\n","protected":false},"excerpt":{"rendered":"<p>M\u00e1scara de argila branca em p\u00f3, potencializada com Oligoelementos e Oligominerais. Indicada principalmente para pele sens\u00edvel e desidratada. A argila branca tem efeito cicatrizante e suavizante, al\u00e9m de clarear e absorver a oleosidade da pele.<\/p>\n","protected":false},"featured_media":676,"comment_status":"open","ping_status":"closed","template":"","meta":{"_joinchat":[]},"product_brand":[],"product_cat":[15],"product_tag":[],"class_list":{"0":"post-675","1":"product","2":"type-product","3":"status-publish","4":"has-post-thumbnail","6":"product_cat-infinita-estetica","8":"first","9":"outofstock","10":"shipping-taxable","11":"purchasable","12":"product-type-simple"},"_links":{"self":[{"href":"https:\/\/artewebmidia.com.br\/infinita\/wp-json\/wp\/v2\/product\/675","targetHints":{"allow":["GET"]}}],"collection":[{"href":"https:\/\/artewebmidia.com.br\/infinita\/wp-json\/wp\/v2\/product"}],"about":[{"href":"https:\/\/artewebmidia.com.br\/infinita\/wp-json\/wp\/v2\/types\/product"}],"replies":[{"embeddable":true,"href":"https:\/\/artewebmidia.com.br\/infinita\/wp-json\/wp\/v2\/comments?post=675"}],"wp:featuredmedia":[{"embeddable":true,"href":"https:\/\/artewebmidia.com.br\/infinita\/wp-json\/wp\/v2\/media\/676"}],"wp:attachment":[{"href":"https:\/\/artewebmidia.com.br\/infinita\/wp-json\/wp\/v2\/media?parent=675"}],"wp:term":[{"taxonomy":"product_brand","embeddable":true,"href":"https:\/\/artewebmidia.com.br\/infinita\/wp-json\/wp\/v2\/product_brand?post=675"},{"taxonomy":"product_cat","embeddable":true,"href":"https:\/\/artewebmidia.com.br\/infinita\/wp-json\/wp\/v2\/product_cat?post=675"},{"taxonomy":"product_tag","embeddable":true,"href":"https:\/\/artewebmidia.com.br\/infinita\/wp-json\/wp\/v2\/product_tag?post=675"}],"curies":[{"name":"wp","href":"https:\/\/api.w.org\/{rel}","templated":true}]}}