{"id":677,"date":"2023-10-31T11:28:45","date_gmt":"2023-10-31T14:28:45","guid":{"rendered":"https:\/\/artewebmidia.com.br\/infinita\/?post_type=product&#038;p=677"},"modified":"2024-02-19T10:26:48","modified_gmt":"2024-02-19T13:26:48","slug":"dolomita-gold-mask","status":"publish","type":"product","link":"https:\/\/artewebmidia.com.br\/infinita\/produto\/dolomita-gold-mask\/","title":{"rendered":"DOLOMITA GOLD MASK"},"content":{"rendered":"<p>\u25cf M\u00e1scara de Magn\u00e9sio transd\u00e9rmico ultra potencializada com Argila Amarela.<br \/>\n\u25cf Naturalmente rica em oligoelementos;<br \/>\n\u25cf Perfeito para melhora da sa\u00fade geral da pele;<br \/>\n\u25cf Melhora a s\u00edntese de col\u00e1geno e elasticidade da pele;<br \/>\n\u25cf A\u00e7\u00e3o Cicatrizante e Restauradora da Epiderme;<br \/>\n\u25cf Remineraliza os tecidos recuperando seu t\u00f4nus e vitalidade;<br \/>\n\u25cf A\u00e7\u00e3o antioxidante, essencial na preven\u00e7\u00e3o e combate ao envelhecimento cut\u00e2neo;<br \/>\n\u25cf Excelente efeito calmante e regenerador tornando a pele mais clara, firme e saud\u00e1vel;<br \/>\n\u25cf Efeito iluminador e clareador para Pele.<\/p>\n","protected":false},"excerpt":{"rendered":"<p>M\u00e1scara facial com propriedades cicatrizantes e calmantes. Revitaliza a pele e promove sensa\u00e7\u00e3o de relaxamento. Rica em sil\u00edcio, \u00e9 capaz de estimular o rejuvenescimento e garantir uma melhora na s\u00edntese de col\u00e1geno e na elasticidade da pele.<\/p>\n","protected":false},"featured_media":678,"comment_status":"open","ping_status":"closed","template":"","meta":{"_joinchat":[]},"product_brand":[],"product_cat":[21],"product_tag":[],"class_list":{"0":"post-677","1":"product","2":"type-product","3":"status-publish","4":"has-post-thumbnail","6":"product_cat-estetica-facial","8":"first","9":"instock","10":"shipping-taxable","11":"purchasable","12":"product-type-simple"},"_links":{"self":[{"href":"https:\/\/artewebmidia.com.br\/infinita\/wp-json\/wp\/v2\/product\/677","targetHints":{"allow":["GET"]}}],"collection":[{"href":"https:\/\/artewebmidia.com.br\/infinita\/wp-json\/wp\/v2\/product"}],"about":[{"href":"https:\/\/artewebmidia.com.br\/infinita\/wp-json\/wp\/v2\/types\/product"}],"replies":[{"embeddable":true,"href":"https:\/\/artewebmidia.com.br\/infinita\/wp-json\/wp\/v2\/comments?post=677"}],"wp:featuredmedia":[{"embeddable":true,"href":"https:\/\/artewebmidia.com.br\/infinita\/wp-json\/wp\/v2\/media\/678"}],"wp:attachment":[{"href":"https:\/\/artewebmidia.com.br\/infinita\/wp-json\/wp\/v2\/media?parent=677"}],"wp:term":[{"taxonomy":"product_brand","embeddable":true,"href":"https:\/\/artewebmidia.com.br\/infinita\/wp-json\/wp\/v2\/product_brand?post=677"},{"taxonomy":"product_cat","embeddable":true,"href":"https:\/\/artewebmidia.com.br\/infinita\/wp-json\/wp\/v2\/product_cat?post=677"},{"taxonomy":"product_tag","embeddable":true,"href":"https:\/\/artewebmidia.com.br\/infinita\/wp-json\/wp\/v2\/product_tag?post=677"}],"curies":[{"name":"wp","href":"https:\/\/api.w.org\/{rel}","templated":true}]}}