{"id":680,"date":"2023-10-31T11:34:34","date_gmt":"2023-10-31T14:34:34","guid":{"rendered":"https:\/\/artewebmidia.com.br\/infinita\/?post_type=product&#038;p=680"},"modified":"2023-11-08T10:50:13","modified_gmt":"2023-11-08T13:50:13","slug":"nano-pantol","status":"publish","type":"product","link":"https:\/\/artewebmidia.com.br\/infinita\/produto\/nano-pantol\/","title":{"rendered":"NANO PANTOL"},"content":{"rendered":"<p>\u25cf PELE: Hidrata profundamente as regi\u00f5es que mais necessitam de hidrata\u00e7\u00e3o intensa como m\u00e3os, p\u00e9s, calcanhares e cotovelos.<\/p>\n<p>\u25cf L\u00c1BIOS: Hidrata e regenera os l\u00e1bios profundamente antes da maquiagem. Previne e protege do ressecamento, deixando os seus l\u00e1bios sempre bonitos e volumosos.<\/p>\n<p>\u25cf TATUAGENS: Hidrata e regenera a regi\u00e3o tatuada, mantendo-a saud\u00e1vel, protegida, macia e sedosa. Fixa a colora\u00e7\u00e3o, deixando sua tatuagem ainda mais bonita.<\/p>\n<p>\u25cf MICROPIGMENTA\u00c7\u00c3O: Hidrata e regenera a regi\u00e3o micropigmentada, mantendo-a saud\u00e1vel, protegida, macia e sedosa. Fixa a colora\u00e7\u00e3o, deixando sua sobrancelha ainda mais bonita.<\/p>\n<p>\u25cf UNHAS: Previne o ressecamento das cut\u00edculas, fortalece as unhas e promove emoli\u00eancia para sua remo\u00e7\u00e3o.<\/p>\n<p>\u25cf P\u00d3S DEPILA\u00c7\u00c3O: Previne irrita\u00e7\u00f5es e foliculites, mantendo a pele protegida e profundamente hidratada.<\/p>\n","protected":false},"excerpt":{"rendered":"<p>NANOPANTOL \u00e9 tudo que voc\u00ea precisava para manter sua pele renovada e saud\u00e1vel. Sua f\u00f3rmula exclusiva cont\u00e9m avan\u00e7ada<br \/>\ntecnologia das nanopart\u00edculas em sinergia com \u00f3leos vegetais que protegem a pele do ressecamento e ajudam na renova\u00e7\u00e3o natural.<br \/>\nA potencializa\u00e7\u00e3o com Col\u00e1geno Hidrolisado, Dexpantenol (Pr\u00f3 Vitamina B5), Amino\u00e1cidos Essenciais e Vitamina E tornam esse produto \u00fanico a proporcionar hidrata\u00e7\u00e3o profunda, firmeza e elasticidade \u00e0 pele.<\/p>\n","protected":false},"featured_media":681,"comment_status":"open","ping_status":"closed","template":"","meta":{"_joinchat":[]},"product_brand":[],"product_cat":[21],"product_tag":[],"class_list":{"0":"post-680","1":"product","2":"type-product","3":"status-publish","4":"has-post-thumbnail","6":"product_cat-estetica-facial","8":"first","9":"instock","10":"shipping-taxable","11":"purchasable","12":"product-type-simple"},"_links":{"self":[{"href":"https:\/\/artewebmidia.com.br\/infinita\/wp-json\/wp\/v2\/product\/680","targetHints":{"allow":["GET"]}}],"collection":[{"href":"https:\/\/artewebmidia.com.br\/infinita\/wp-json\/wp\/v2\/product"}],"about":[{"href":"https:\/\/artewebmidia.com.br\/infinita\/wp-json\/wp\/v2\/types\/product"}],"replies":[{"embeddable":true,"href":"https:\/\/artewebmidia.com.br\/infinita\/wp-json\/wp\/v2\/comments?post=680"}],"wp:featuredmedia":[{"embeddable":true,"href":"https:\/\/artewebmidia.com.br\/infinita\/wp-json\/wp\/v2\/media\/681"}],"wp:attachment":[{"href":"https:\/\/artewebmidia.com.br\/infinita\/wp-json\/wp\/v2\/media?parent=680"}],"wp:term":[{"taxonomy":"product_brand","embeddable":true,"href":"https:\/\/artewebmidia.com.br\/infinita\/wp-json\/wp\/v2\/product_brand?post=680"},{"taxonomy":"product_cat","embeddable":true,"href":"https:\/\/artewebmidia.com.br\/infinita\/wp-json\/wp\/v2\/product_cat?post=680"},{"taxonomy":"product_tag","embeddable":true,"href":"https:\/\/artewebmidia.com.br\/infinita\/wp-json\/wp\/v2\/product_tag?post=680"}],"curies":[{"name":"wp","href":"https:\/\/api.w.org\/{rel}","templated":true}]}}