{"id":691,"date":"2023-11-01T09:26:35","date_gmt":"2023-11-01T12:26:35","guid":{"rendered":"https:\/\/artewebmidia.com.br\/infinita\/?post_type=product&#038;p=691"},"modified":"2024-04-10T09:21:38","modified_gmt":"2024-04-10T12:21:38","slug":"deo-fresh","status":"publish","type":"product","link":"https:\/\/artewebmidia.com.br\/infinita\/produto\/deo-fresh\/","title":{"rendered":"DEO FRESH"},"content":{"rendered":"<p>\u25cf Desodorante natural livre de Alum\u00ednio.<br \/>\n\u25cf Sem parabenos, fragr\u00e2ncia e metais pesados.<br \/>\n\u25cf Hidratante e restaurador do tecido.<br \/>\n\u25cf A\u00e7\u00e3o calmante e suavizante para a pele.<br \/>\n\u25cf A\u00e7\u00e3o bactericida e antiss\u00e9ptica natural.<br \/>\n\u25cf A\u00e7\u00e3o clareadora e antioxidante.<br \/>\n\u25cf A\u00e7\u00e3o adstringente e anti-inflamat\u00f3ria.<br \/>\n\u25cf N\u00e3o obstrui os poros<\/p>\n","protected":false},"excerpt":{"rendered":"<p>Desodorante natural e sem alum\u00ednio formulado com ativo biotecnol\u00f3gico contendo enzimas naturais de leveduras que atuam inibindo os maus odores atrav\u00e9s da bioconvers\u00e3o de mol\u00e9culas sem prejudicar a pele. Possui extratos bot\u00e2nicos de Pepino e Ch\u00e1 Verde, ricos em antioxidantes naturais que suavizam, hidratam e protegem a pele. Al\u00e9m disso, cont\u00e9m \u00d3leos Essenciais de Tea Tree, Lavanda e Menta Piperita que possuem a\u00e7\u00e3o antiss\u00e9ptica, adstringente, antif\u00fangica, bactericida, hidratante e refrescante. Por ser livre de Alum\u00ednio, n\u00e3o<br \/>\nobstrui os poros<\/p>\n","protected":false},"featured_media":692,"comment_status":"open","ping_status":"closed","template":"","meta":{"_joinchat":[]},"product_brand":[],"product_cat":[22],"product_tag":[],"class_list":{"0":"post-691","1":"product","2":"type-product","3":"status-publish","4":"has-post-thumbnail","6":"product_cat-estetica-corporal","8":"first","9":"outofstock","10":"shipping-taxable","11":"purchasable","12":"product-type-simple"},"_links":{"self":[{"href":"https:\/\/artewebmidia.com.br\/infinita\/wp-json\/wp\/v2\/product\/691","targetHints":{"allow":["GET"]}}],"collection":[{"href":"https:\/\/artewebmidia.com.br\/infinita\/wp-json\/wp\/v2\/product"}],"about":[{"href":"https:\/\/artewebmidia.com.br\/infinita\/wp-json\/wp\/v2\/types\/product"}],"replies":[{"embeddable":true,"href":"https:\/\/artewebmidia.com.br\/infinita\/wp-json\/wp\/v2\/comments?post=691"}],"wp:featuredmedia":[{"embeddable":true,"href":"https:\/\/artewebmidia.com.br\/infinita\/wp-json\/wp\/v2\/media\/692"}],"wp:attachment":[{"href":"https:\/\/artewebmidia.com.br\/infinita\/wp-json\/wp\/v2\/media?parent=691"}],"wp:term":[{"taxonomy":"product_brand","embeddable":true,"href":"https:\/\/artewebmidia.com.br\/infinita\/wp-json\/wp\/v2\/product_brand?post=691"},{"taxonomy":"product_cat","embeddable":true,"href":"https:\/\/artewebmidia.com.br\/infinita\/wp-json\/wp\/v2\/product_cat?post=691"},{"taxonomy":"product_tag","embeddable":true,"href":"https:\/\/artewebmidia.com.br\/infinita\/wp-json\/wp\/v2\/product_tag?post=691"}],"curies":[{"name":"wp","href":"https:\/\/api.w.org\/{rel}","templated":true}]}}