{"id":707,"date":"2023-11-01T10:01:27","date_gmt":"2023-11-01T13:01:27","guid":{"rendered":"https:\/\/artewebmidia.com.br\/infinita\/?post_type=product&#038;p=707"},"modified":"2023-11-01T11:17:21","modified_gmt":"2023-11-01T14:17:21","slug":"nano-fango","status":"publish","type":"product","link":"https:\/\/artewebmidia.com.br\/infinita\/produto\/nano-fango\/","title":{"rendered":"NANO FANGO"},"content":{"rendered":"<p>\u25cf Creme Argiloso para Massagem.<\/p>\n<p>\u25cf Cont\u00e9m Nanotecnologia exclusiva para redu\u00e7\u00e3o de medidas.<\/p>\n<p>\u25cf Alta Concentra\u00e7\u00e3o de Ativos Drenantes para redu\u00e7\u00e3o de Edemas.<\/p>\n<p>\u25cf Alta Concentra\u00e7\u00e3o de Ativos Lipol\u00edticos para queima de Gordura Localizada.<\/p>\n<p>\u25cf Alta Concentra\u00e7\u00e3o de Ativos Anticelul\u00edticos e Tonificantes do Tecido para redu\u00e7\u00e3o de celulites e melhora do aspecto geral<br \/>\nda pele.<\/p>\n<p>\u25cf Fonte Natural da Cafe\u00edna. \u25cf Sem cheiro, perfeito para associar na Aromaterapia.<\/p>\n<p>&nbsp;<\/p>\n","protected":false},"excerpt":{"rendered":"<p>Creme argiloso com a avan\u00e7ada tecnologia das nanopart\u00edculas para redu\u00e7\u00e3o de gordura localizada e celulites. Enriquecido com \u00f3leo<br \/>\nessencial de cipreste, cedro, \u00f3leos de c\u00e1rtamo, coco e ch\u00e1 verde. Possui Cafe\u00edna Biovetorizada, Extrato glicerinado de Blueberry,<br \/>\nCravo-da-\u00cdndia, Pimenta e Hibisco que proporcionam extrema a\u00e7\u00e3o lipol\u00edtica, anticelul\u00edtica e tonificante do tecido.<\/p>\n","protected":false},"featured_media":711,"comment_status":"open","ping_status":"closed","template":"","meta":{"_joinchat":[]},"product_brand":[],"product_cat":[22],"product_tag":[],"class_list":{"0":"post-707","1":"product","2":"type-product","3":"status-publish","4":"has-post-thumbnail","6":"product_cat-estetica-corporal","8":"first","9":"instock","10":"shipping-taxable","11":"purchasable","12":"product-type-simple"},"_links":{"self":[{"href":"https:\/\/artewebmidia.com.br\/infinita\/wp-json\/wp\/v2\/product\/707","targetHints":{"allow":["GET"]}}],"collection":[{"href":"https:\/\/artewebmidia.com.br\/infinita\/wp-json\/wp\/v2\/product"}],"about":[{"href":"https:\/\/artewebmidia.com.br\/infinita\/wp-json\/wp\/v2\/types\/product"}],"replies":[{"embeddable":true,"href":"https:\/\/artewebmidia.com.br\/infinita\/wp-json\/wp\/v2\/comments?post=707"}],"wp:featuredmedia":[{"embeddable":true,"href":"https:\/\/artewebmidia.com.br\/infinita\/wp-json\/wp\/v2\/media\/711"}],"wp:attachment":[{"href":"https:\/\/artewebmidia.com.br\/infinita\/wp-json\/wp\/v2\/media?parent=707"}],"wp:term":[{"taxonomy":"product_brand","embeddable":true,"href":"https:\/\/artewebmidia.com.br\/infinita\/wp-json\/wp\/v2\/product_brand?post=707"},{"taxonomy":"product_cat","embeddable":true,"href":"https:\/\/artewebmidia.com.br\/infinita\/wp-json\/wp\/v2\/product_cat?post=707"},{"taxonomy":"product_tag","embeddable":true,"href":"https:\/\/artewebmidia.com.br\/infinita\/wp-json\/wp\/v2\/product_tag?post=707"}],"curies":[{"name":"wp","href":"https:\/\/api.w.org\/{rel}","templated":true}]}}