{"id":714,"date":"2023-11-03T09:18:37","date_gmt":"2023-11-03T12:18:37","guid":{"rendered":"https:\/\/artewebmidia.com.br\/infinita\/?post_type=product&#038;p=714"},"modified":"2023-11-08T10:30:48","modified_gmt":"2023-11-08T13:30:48","slug":"nano-lipo-slim-coffee","status":"publish","type":"product","link":"https:\/\/artewebmidia.com.br\/infinita\/produto\/nano-lipo-slim-coffee\/","title":{"rendered":"NANO LIPO SLIM COFFEE"},"content":{"rendered":"<p>\u25cf Formula\u00e7\u00e3o incompar\u00e1vel e \u00fanica no mercado mundial a associar cafe\u00edna de fonte natural, cafe\u00edna biotecnol\u00f3gica e pimenta negra.<br \/>\n\u25cf Extrema concentra\u00e7\u00e3o de ativos revolucion\u00e1rios de a\u00e7\u00e3o lipol\u00edtica anticelul\u00edtica.<br \/>\n\u25cf Extrema concentra\u00e7\u00e3o de ativos nanotecnol\u00f3gicos e biotecnol\u00f3gicos.<br \/>\n\u25cf Extrema concentra\u00e7\u00e3o de ativos revolucion\u00e1rios e \u00f3leos essenciais nanoencapsulados.<br \/>\n\u25cf Extrema concentra\u00e7\u00e3o de ativos drenantes para redu\u00e7\u00e3o de edemas.<br \/>\n\u25cf Extrema concentra\u00e7\u00e3o de ativos lipol\u00edticos para queima de gordura localizada.<br \/>\n\u25cf Extrema concentra\u00e7\u00e3o de ativos anticelul\u00edticos e tonificantes do tecido para redu\u00e7\u00e3o de celulites e melhora do aspecto geral da pele.<br \/>\n\u25cf Extrema concentra\u00e7\u00e3o de ativos desintoxicantes e associa\u00e7\u00e3o sin\u00e9rgica de ativos bot\u00e2nicos para redu\u00e7\u00e3o de medidas.<br \/>\n\u25cf Cont\u00e9m \u00f3leos 100% vegetais.<br \/>\n\u25cf Fonte natural da cafe\u00edna. nutre e estimula o metabolismo energ\u00e9tico.<br \/>\n\u25cf Mecanismo de a\u00e7\u00e3o ecologicamente correto de r\u00e1pida permea\u00e7\u00e3o dos ativos. atua diretamente nos adip\u00f3citos, realizando a quebra da gordura localizada.<\/p>\n<p>&nbsp;<\/p>\n","protected":false},"excerpt":{"rendered":"<p>Creme fonte natural de cafe\u00edna, rico em ativos com propriedades drenantes, lipol\u00edticas, anticelul\u00edticas e tonificantes do tecido. Indicado para massagem modeladora corporal. Formulado com \u00f3leo vegetal que aumenta a permea\u00e7\u00e3o dos ativos, potencializando o resultado final. Proporciona maciez \u00e0 pele.<\/p>\n","protected":false},"featured_media":729,"comment_status":"open","ping_status":"closed","template":"","meta":{"_joinchat":[]},"product_brand":[],"product_cat":[22],"product_tag":[],"class_list":{"0":"post-714","1":"product","2":"type-product","3":"status-publish","4":"has-post-thumbnail","6":"product_cat-estetica-corporal","8":"first","9":"instock","10":"shipping-taxable","11":"purchasable","12":"product-type-simple"},"_links":{"self":[{"href":"https:\/\/artewebmidia.com.br\/infinita\/wp-json\/wp\/v2\/product\/714","targetHints":{"allow":["GET"]}}],"collection":[{"href":"https:\/\/artewebmidia.com.br\/infinita\/wp-json\/wp\/v2\/product"}],"about":[{"href":"https:\/\/artewebmidia.com.br\/infinita\/wp-json\/wp\/v2\/types\/product"}],"replies":[{"embeddable":true,"href":"https:\/\/artewebmidia.com.br\/infinita\/wp-json\/wp\/v2\/comments?post=714"}],"wp:featuredmedia":[{"embeddable":true,"href":"https:\/\/artewebmidia.com.br\/infinita\/wp-json\/wp\/v2\/media\/729"}],"wp:attachment":[{"href":"https:\/\/artewebmidia.com.br\/infinita\/wp-json\/wp\/v2\/media?parent=714"}],"wp:term":[{"taxonomy":"product_brand","embeddable":true,"href":"https:\/\/artewebmidia.com.br\/infinita\/wp-json\/wp\/v2\/product_brand?post=714"},{"taxonomy":"product_cat","embeddable":true,"href":"https:\/\/artewebmidia.com.br\/infinita\/wp-json\/wp\/v2\/product_cat?post=714"},{"taxonomy":"product_tag","embeddable":true,"href":"https:\/\/artewebmidia.com.br\/infinita\/wp-json\/wp\/v2\/product_tag?post=714"}],"curies":[{"name":"wp","href":"https:\/\/api.w.org\/{rel}","templated":true}]}}