{"id":730,"date":"2023-11-03T09:34:56","date_gmt":"2023-11-03T12:34:56","guid":{"rendered":"https:\/\/artewebmidia.com.br\/infinita\/?post_type=product&#038;p=730"},"modified":"2023-11-03T09:34:56","modified_gmt":"2023-11-03T12:34:56","slug":"nano-detox","status":"publish","type":"product","link":"https:\/\/artewebmidia.com.br\/infinita\/produto\/nano-detox\/","title":{"rendered":"NANO DETOX"},"content":{"rendered":"<p>\u25cf Produto ortomolecular para reposi\u00e7\u00e3o de oligoelementos e oligominerais.<br \/>\n\u25cf Extrema concentra\u00e7\u00e3o de ativos nanotecnol\u00f3gicos e biotecnol\u00f3gicos.<br \/>\n\u25cf Extrema concentra\u00e7\u00e3o de ativos drenantes para redu\u00e7\u00e3o de edemas.<br \/>\n\u25cf Extrema concentra\u00e7\u00e3o de ativos lipol\u00edticos para queima de gordura localizada.<br \/>\n\u25cf Extrema concentra\u00e7\u00e3o de ativos anticelul\u00edticos e tonificantes do tecido para<br \/>\nredu\u00e7\u00e3o de celulites e melhora do aspecto geral da pele.<br \/>\n\u25cf Extrema concentra\u00e7\u00e3o de ativos desintoxicantes e associa\u00e7\u00e3o sin\u00e9rgica de ativos bot\u00e2nicos para redu\u00e7\u00e3o de medidas.<br \/>\n\u25cf Fonte natural da cafe\u00edna. nutre e estimula o metabolismo energ\u00e9tico.<br \/>\n\u25cf Mecanismo de a\u00e7\u00e3o ecologicamente correto de r\u00e1pida permea\u00e7\u00e3o dos ativos.<br \/>\n\u25cf Perfeito para associar em tratamentos de papada.<br \/>\n\u25cf Perfeito para associar com a eletroterapia.<\/p>\n","protected":false},"excerpt":{"rendered":"<p>Nanotecnologia l\u00edquida desintoxicante, fonte natural de Cafe\u00edna, rica em Ativos com propriedades drenantes, lipol\u00edticas, anticelul\u00edticas, ativadoras da microcircula\u00e7\u00e3o, detox e tonificantes do tecido.<\/p>\n","protected":false},"featured_media":731,"comment_status":"open","ping_status":"closed","template":"","meta":{"_joinchat":[]},"product_brand":[],"product_cat":[22],"product_tag":[],"class_list":{"0":"post-730","1":"product","2":"type-product","3":"status-publish","4":"has-post-thumbnail","6":"product_cat-estetica-corporal","8":"first","9":"instock","10":"shipping-taxable","11":"purchasable","12":"product-type-simple"},"_links":{"self":[{"href":"https:\/\/artewebmidia.com.br\/infinita\/wp-json\/wp\/v2\/product\/730","targetHints":{"allow":["GET"]}}],"collection":[{"href":"https:\/\/artewebmidia.com.br\/infinita\/wp-json\/wp\/v2\/product"}],"about":[{"href":"https:\/\/artewebmidia.com.br\/infinita\/wp-json\/wp\/v2\/types\/product"}],"replies":[{"embeddable":true,"href":"https:\/\/artewebmidia.com.br\/infinita\/wp-json\/wp\/v2\/comments?post=730"}],"wp:featuredmedia":[{"embeddable":true,"href":"https:\/\/artewebmidia.com.br\/infinita\/wp-json\/wp\/v2\/media\/731"}],"wp:attachment":[{"href":"https:\/\/artewebmidia.com.br\/infinita\/wp-json\/wp\/v2\/media?parent=730"}],"wp:term":[{"taxonomy":"product_brand","embeddable":true,"href":"https:\/\/artewebmidia.com.br\/infinita\/wp-json\/wp\/v2\/product_brand?post=730"},{"taxonomy":"product_cat","embeddable":true,"href":"https:\/\/artewebmidia.com.br\/infinita\/wp-json\/wp\/v2\/product_cat?post=730"},{"taxonomy":"product_tag","embeddable":true,"href":"https:\/\/artewebmidia.com.br\/infinita\/wp-json\/wp\/v2\/product_tag?post=730"}],"curies":[{"name":"wp","href":"https:\/\/api.w.org\/{rel}","templated":true}]}}