{"id":742,"date":"2023-11-08T10:27:05","date_gmt":"2023-11-08T13:27:05","guid":{"rendered":"https:\/\/artewebmidia.com.br\/infinita\/?post_type=product&#038;p=742"},"modified":"2024-09-02T11:47:06","modified_gmt":"2024-09-02T14:47:06","slug":"modela","status":"publish","type":"product","link":"https:\/\/artewebmidia.com.br\/infinita\/produto\/modela\/","title":{"rendered":"MODELA BOOSTER FITOREDUTOR"},"content":{"rendered":"<p>Booster Fitoredutor concentrado com tecnologia bot\u00e2nica que atua profundamente na redu\u00e7\u00e3o de gordura localizada e celulites. Seus ativos proporcionam a\u00e7\u00e3o lipol\u00edtica, anticelul\u00edtica e tonificante do tecido. Aumenta a permea\u00e7\u00e3o dos ativos, potencializando o resultado final.<\/p>\n","protected":false},"excerpt":{"rendered":"<p>Booster fitoredutor com tecnologia bot\u00e2nica, que atua profundamente na redu\u00e7\u00e3o da gordura localizada e celulites.<\/p>\n","protected":false},"featured_media":1385,"comment_status":"open","ping_status":"closed","template":"","meta":{"_joinchat":[]},"product_brand":[],"product_cat":[22],"product_tag":[],"class_list":{"0":"post-742","1":"product","2":"type-product","3":"status-publish","4":"has-post-thumbnail","6":"product_cat-estetica-corporal","8":"first","9":"instock","10":"shipping-taxable","11":"purchasable","12":"product-type-simple"},"_links":{"self":[{"href":"https:\/\/artewebmidia.com.br\/infinita\/wp-json\/wp\/v2\/product\/742","targetHints":{"allow":["GET"]}}],"collection":[{"href":"https:\/\/artewebmidia.com.br\/infinita\/wp-json\/wp\/v2\/product"}],"about":[{"href":"https:\/\/artewebmidia.com.br\/infinita\/wp-json\/wp\/v2\/types\/product"}],"replies":[{"embeddable":true,"href":"https:\/\/artewebmidia.com.br\/infinita\/wp-json\/wp\/v2\/comments?post=742"}],"wp:featuredmedia":[{"embeddable":true,"href":"https:\/\/artewebmidia.com.br\/infinita\/wp-json\/wp\/v2\/media\/1385"}],"wp:attachment":[{"href":"https:\/\/artewebmidia.com.br\/infinita\/wp-json\/wp\/v2\/media?parent=742"}],"wp:term":[{"taxonomy":"product_brand","embeddable":true,"href":"https:\/\/artewebmidia.com.br\/infinita\/wp-json\/wp\/v2\/product_brand?post=742"},{"taxonomy":"product_cat","embeddable":true,"href":"https:\/\/artewebmidia.com.br\/infinita\/wp-json\/wp\/v2\/product_cat?post=742"},{"taxonomy":"product_tag","embeddable":true,"href":"https:\/\/artewebmidia.com.br\/infinita\/wp-json\/wp\/v2\/product_tag?post=742"}],"curies":[{"name":"wp","href":"https:\/\/api.w.org\/{rel}","templated":true}]}}