{"id":746,"date":"2023-11-06T09:29:49","date_gmt":"2023-11-06T12:29:49","guid":{"rendered":"https:\/\/artewebmidia.com.br\/infinita\/?post_type=product&#038;p=746"},"modified":"2023-12-20T11:05:32","modified_gmt":"2023-12-20T14:05:32","slug":"nano-gel-detox","status":"publish","type":"product","link":"https:\/\/artewebmidia.com.br\/infinita\/produto\/nano-gel-detox\/","title":{"rendered":"NANO GEL DETOX"},"content":{"rendered":"<p>\u25cf Cont\u00e9m extrema concentra\u00e7\u00e3o de ativos revolucion\u00e1rios de a\u00e7\u00e3o lipol\u00edtica, anticelul\u00edtica.<br \/>\n\u25cf Cont\u00e9m extrema concentra\u00e7\u00e3o de ativos nanotecnol\u00f3gicos e biotecnol\u00f3gicos<br \/>\n\u25cf Cont\u00e9m extrema concentra\u00e7\u00e3o de \u00f3leos essenciais nanoencapsulados.<br \/>\n\u25cf Cont\u00e9m extrema concentra\u00e7\u00e3o de ativos drenantes para redu\u00e7\u00e3o de edemas.<br \/>\n\u25cf Cont\u00e9m extrema concentra\u00e7\u00e3o de ativos lipol\u00edticos para queima de gordura localizada.<br \/>\n\u25cf Cont\u00e9m extrema concentra\u00e7\u00e3o de ativos anticelul\u00edticos e tonificantes do tecido para redu\u00e7\u00e3o de celulites e melhora do aspecto geral da pele.<br \/>\n\u25cf Cont\u00e9m extrema concentra\u00e7\u00e3o de ativos desintoxicantes.<br \/>\n\u25cf Cont\u00e9m extrema associa\u00e7\u00e3o sin\u00e9rgica de ativos bot\u00e2nicos para redu\u00e7\u00e3o de medidas.<br \/>\n\u25cf Fonte Natural da Cafe\u00edna. Nutre e Estimula o Metabolismo Energ\u00e9tico.<br \/>\n\u25cf Mecanismo de a\u00e7\u00e3o Ecologicamente Correto de R\u00e1pida permea\u00e7\u00e3o dos Ativos.<br \/>\n\u25cf Perfeito como gel condutor para eletroterapia.<\/p>\n","protected":false},"excerpt":{"rendered":"<p>Gel Glicerinado ultra desintoxicante com a mais pura e avan\u00e7ada tecnologia das nanopart\u00edculas, auxiliar nos procedimentos est\u00e9ticos de eletroterapia, massagem corporal, redu\u00e7\u00e3o de gordura localizada e celulites. Seus ativos proporcionam extrema a\u00e7\u00e3o lipol\u00edtica,<br \/>\nanticelul\u00edtica e tonificante do tecido. Proporciona maciez \u00e0 pele.<\/p>\n<p>1Kg<\/p>\n","protected":false},"featured_media":1383,"comment_status":"open","ping_status":"closed","template":"","meta":{"_joinchat":[]},"product_brand":[],"product_cat":[22],"product_tag":[],"class_list":{"0":"post-746","1":"product","2":"type-product","3":"status-publish","4":"has-post-thumbnail","6":"product_cat-estetica-corporal","8":"first","9":"instock","10":"shipping-taxable","11":"purchasable","12":"product-type-simple"},"_links":{"self":[{"href":"https:\/\/artewebmidia.com.br\/infinita\/wp-json\/wp\/v2\/product\/746","targetHints":{"allow":["GET"]}}],"collection":[{"href":"https:\/\/artewebmidia.com.br\/infinita\/wp-json\/wp\/v2\/product"}],"about":[{"href":"https:\/\/artewebmidia.com.br\/infinita\/wp-json\/wp\/v2\/types\/product"}],"replies":[{"embeddable":true,"href":"https:\/\/artewebmidia.com.br\/infinita\/wp-json\/wp\/v2\/comments?post=746"}],"wp:featuredmedia":[{"embeddable":true,"href":"https:\/\/artewebmidia.com.br\/infinita\/wp-json\/wp\/v2\/media\/1383"}],"wp:attachment":[{"href":"https:\/\/artewebmidia.com.br\/infinita\/wp-json\/wp\/v2\/media?parent=746"}],"wp:term":[{"taxonomy":"product_brand","embeddable":true,"href":"https:\/\/artewebmidia.com.br\/infinita\/wp-json\/wp\/v2\/product_brand?post=746"},{"taxonomy":"product_cat","embeddable":true,"href":"https:\/\/artewebmidia.com.br\/infinita\/wp-json\/wp\/v2\/product_cat?post=746"},{"taxonomy":"product_tag","embeddable":true,"href":"https:\/\/artewebmidia.com.br\/infinita\/wp-json\/wp\/v2\/product_tag?post=746"}],"curies":[{"name":"wp","href":"https:\/\/api.w.org\/{rel}","templated":true}]}}