{"id":749,"date":"2023-11-06T09:47:40","date_gmt":"2023-11-06T12:47:40","guid":{"rendered":"https:\/\/artewebmidia.com.br\/infinita\/?post_type=product&#038;p=749"},"modified":"2024-01-26T11:48:52","modified_gmt":"2024-01-26T14:48:52","slug":"passion-for-fruits-maracuja","status":"publish","type":"product","link":"https:\/\/artewebmidia.com.br\/infinita\/produto\/passion-for-fruits-maracuja\/","title":{"rendered":"HIDRATANTE PASSION FOR FRUITS MARACUJ\u00c1"},"content":{"rendered":"<p>\u25cf Creme ultra-hidratante para as m\u00e3os e p\u00e9s com col\u00e1geno hidrolisado.<\/p>\n<p>\u25cfProduto ortomolecular para reposi\u00e7\u00e3o de oligoelementos e oligominerais.<\/p>\n<p>\u25cf Possui biotecnologia exclusiva inibidora de odores.<\/p>\n<p>\u25cf Com esqualeno vegetal para hidrata\u00e7\u00e3o profunda.<\/p>\n<p>\u25cf Com refresc\u00e2ncia long lasting (a\u00e7\u00e3o prolongada).<\/p>\n<p>\u25cf R\u00e1pida permea\u00e7\u00e3o dos ativos.<\/p>\n<p>\u25cf N\u00e3o deixa as m\u00e3os e os p\u00e9s pegajosos.<\/p>\n<p>\u25cf Perfeito para manicure e pod\u00f3logos.<\/p>\n<p>\u25cf Trata e previne rachaduras.<\/p>\n<p>\u25cf Proporciona toque sedoso e macio para m\u00e3os e p\u00e9s<\/p>\n","protected":false},"excerpt":{"rendered":"<p>Creme ultra-hidratante para as m\u00e3os e p\u00e9s, formulado com ativos naturais que proporcionam toque sedoso e aveludado.<br \/>\nEvita a perda excessiva de \u00e1gua, devolvendo a hidrata\u00e7\u00e3o natural da pele, deixando as m\u00e3os e p\u00e9s protegidos, macios e sedosos. R\u00e1pida<br \/>\nabsor\u00e7\u00e3o.<\/p>\n<p>&nbsp;<\/p>\n<p>&nbsp;<\/p>\n<p>&nbsp;<\/p>\n<p>&nbsp;<\/p>\n","protected":false},"featured_media":753,"comment_status":"open","ping_status":"closed","template":"","meta":{"_joinchat":[]},"product_brand":[],"product_cat":[22],"product_tag":[],"class_list":{"0":"post-749","1":"product","2":"type-product","3":"status-publish","4":"has-post-thumbnail","6":"product_cat-estetica-corporal","8":"first","9":"instock","10":"shipping-taxable","11":"purchasable","12":"product-type-variable"},"_links":{"self":[{"href":"https:\/\/artewebmidia.com.br\/infinita\/wp-json\/wp\/v2\/product\/749","targetHints":{"allow":["GET"]}}],"collection":[{"href":"https:\/\/artewebmidia.com.br\/infinita\/wp-json\/wp\/v2\/product"}],"about":[{"href":"https:\/\/artewebmidia.com.br\/infinita\/wp-json\/wp\/v2\/types\/product"}],"replies":[{"embeddable":true,"href":"https:\/\/artewebmidia.com.br\/infinita\/wp-json\/wp\/v2\/comments?post=749"}],"wp:featuredmedia":[{"embeddable":true,"href":"https:\/\/artewebmidia.com.br\/infinita\/wp-json\/wp\/v2\/media\/753"}],"wp:attachment":[{"href":"https:\/\/artewebmidia.com.br\/infinita\/wp-json\/wp\/v2\/media?parent=749"}],"wp:term":[{"taxonomy":"product_brand","embeddable":true,"href":"https:\/\/artewebmidia.com.br\/infinita\/wp-json\/wp\/v2\/product_brand?post=749"},{"taxonomy":"product_cat","embeddable":true,"href":"https:\/\/artewebmidia.com.br\/infinita\/wp-json\/wp\/v2\/product_cat?post=749"},{"taxonomy":"product_tag","embeddable":true,"href":"https:\/\/artewebmidia.com.br\/infinita\/wp-json\/wp\/v2\/product_tag?post=749"}],"curies":[{"name":"wp","href":"https:\/\/api.w.org\/{rel}","templated":true}]}}