{"id":754,"date":"2023-11-06T10:04:39","date_gmt":"2023-11-06T13:04:39","guid":{"rendered":"https:\/\/artewebmidia.com.br\/infinita\/?post_type=product&#038;p=754"},"modified":"2024-09-02T12:04:17","modified_gmt":"2024-09-02T15:04:17","slug":"esfoliante-passion-for-fruits-maracuja","status":"publish","type":"product","link":"https:\/\/artewebmidia.com.br\/infinita\/produto\/esfoliante-passion-for-fruits-maracuja\/","title":{"rendered":"ESFOLIANTE PASSION FOR FRUITS MARACUJ\u00c1 100g"},"content":{"rendered":"<p>\u25cf Esfoliante seguro, agente abrasivo que n\u00e3o ocasiona microfissurasna pele.<br \/>\n\u25cf A\u00e7\u00e3o 3 em 1 (esfoliante mec\u00e2nico, enzim\u00e1tico e gomagem).<br \/>\n\u25cf A\u00e7\u00e3o enzim\u00e1tica da papa\u00edna e bromelina.<br \/>\n\u25cf Remineralizante e suavizante.<br \/>\n\u25cf Hidratante e renovador da epiderme.<br \/>\n\u25cf A\u00e7\u00e3o queratol\u00edtica profunda.<br \/>\n\u25cf Perfeito para esfolia\u00e7\u00e3o facial e corporal.<br \/>\n\u25cf Deixa a pele totalmente renovada com toque sedoso e aveludado<\/p>\n","protected":false},"excerpt":{"rendered":"<p>Creme esfoliante f\u00edsico e enzim\u00e1tico que remove impurezas e c\u00e9lulas mortas.<br \/>\nDesobstrui os poros, proporcionando maciez e apar\u00eancia luminosa \u00e0 pele. Indicado para gomagem facial e corporal. N\u00e3o ocasiona<br \/>\nmicrofissuras na pele devido a estrutura de seu agente esfoliante ser micropart\u00edculas sextavadas homog\u00eaneas de arroz.<\/p>\n","protected":false},"featured_media":755,"comment_status":"open","ping_status":"closed","template":"","meta":{"_joinchat":[]},"product_brand":[],"product_cat":[22],"product_tag":[],"class_list":{"0":"post-754","1":"product","2":"type-product","3":"status-publish","4":"has-post-thumbnail","6":"product_cat-estetica-corporal","8":"first","9":"instock","10":"shipping-taxable","11":"purchasable","12":"product-type-simple"},"_links":{"self":[{"href":"https:\/\/artewebmidia.com.br\/infinita\/wp-json\/wp\/v2\/product\/754","targetHints":{"allow":["GET"]}}],"collection":[{"href":"https:\/\/artewebmidia.com.br\/infinita\/wp-json\/wp\/v2\/product"}],"about":[{"href":"https:\/\/artewebmidia.com.br\/infinita\/wp-json\/wp\/v2\/types\/product"}],"replies":[{"embeddable":true,"href":"https:\/\/artewebmidia.com.br\/infinita\/wp-json\/wp\/v2\/comments?post=754"}],"wp:featuredmedia":[{"embeddable":true,"href":"https:\/\/artewebmidia.com.br\/infinita\/wp-json\/wp\/v2\/media\/755"}],"wp:attachment":[{"href":"https:\/\/artewebmidia.com.br\/infinita\/wp-json\/wp\/v2\/media?parent=754"}],"wp:term":[{"taxonomy":"product_brand","embeddable":true,"href":"https:\/\/artewebmidia.com.br\/infinita\/wp-json\/wp\/v2\/product_brand?post=754"},{"taxonomy":"product_cat","embeddable":true,"href":"https:\/\/artewebmidia.com.br\/infinita\/wp-json\/wp\/v2\/product_cat?post=754"},{"taxonomy":"product_tag","embeddable":true,"href":"https:\/\/artewebmidia.com.br\/infinita\/wp-json\/wp\/v2\/product_tag?post=754"}],"curies":[{"name":"wp","href":"https:\/\/api.w.org\/{rel}","templated":true}]}}