{"id":756,"date":"2023-11-06T10:23:36","date_gmt":"2023-11-06T13:23:36","guid":{"rendered":"https:\/\/artewebmidia.com.br\/infinita\/?post_type=product&#038;p=756"},"modified":"2023-11-14T14:56:49","modified_gmt":"2023-11-14T17:56:49","slug":"nano-retinol-every-day","status":"publish","type":"product","link":"https:\/\/artewebmidia.com.br\/infinita\/produto\/nano-retinol-every-day\/","title":{"rendered":"NANO RETINOL EVERY DAY"},"content":{"rendered":"<p>\u25cf Peeling despigmentante noturno home care.<br \/>\n\u25cf Potencializado com vitamina C e \u00e1cido hialur\u00f4nico de baixo peso molecular.<br \/>\n\u25cf Bloqueia a produ\u00e7\u00e3o de melanina.<br \/>\n\u25cf Combate hipercromias e melasmas.<br \/>\n\u25cf Combate a oxida\u00e7\u00e3o e envelhecimento celular.<br \/>\n\u25cf Inibidor da tirosinase.<br \/>\n\u25cf A\u00e7\u00e3o queratol\u00edtica extremamente profunda, combatendo a oleosidade da pele.<br \/>\n\u25cf Atua na renova\u00e7\u00e3o da epiderme e desobstru\u00e7\u00e3o dos poros.<br \/>\n\u25cf Produto ortomolecular para reposi\u00e7\u00e3o de oligoelementos e oligominerais.<br \/>\n\u25cf A\u00e7\u00e3o antiacne e anti aging para rejuvenescimento.<\/p>\n","protected":false},"excerpt":{"rendered":"<p>Creme noturno de \u00e1cidos clareador extremamente concentrado com a mais pura e avan\u00e7ada tecnologia das nanopart\u00edculas. Elaborado cuidadosamente para tratamentos est\u00e9ticos de peeling, acne, rejuvenescimento, estrias e em qualquer outro tratamento que necessite uma a\u00e7\u00e3o queratol\u00edtica extrema. Pode ser usado emtodos os fototipos de pele (I a VI). Uso Di\u00e1rio.<\/p>\n","protected":false},"featured_media":1085,"comment_status":"open","ping_status":"closed","template":"","meta":{"_joinchat":[]},"product_brand":[],"product_cat":[21],"product_tag":[],"class_list":{"0":"post-756","1":"product","2":"type-product","3":"status-publish","4":"has-post-thumbnail","6":"product_cat-estetica-facial","8":"first","9":"instock","10":"shipping-taxable","11":"purchasable","12":"product-type-simple"},"_links":{"self":[{"href":"https:\/\/artewebmidia.com.br\/infinita\/wp-json\/wp\/v2\/product\/756","targetHints":{"allow":["GET"]}}],"collection":[{"href":"https:\/\/artewebmidia.com.br\/infinita\/wp-json\/wp\/v2\/product"}],"about":[{"href":"https:\/\/artewebmidia.com.br\/infinita\/wp-json\/wp\/v2\/types\/product"}],"replies":[{"embeddable":true,"href":"https:\/\/artewebmidia.com.br\/infinita\/wp-json\/wp\/v2\/comments?post=756"}],"wp:featuredmedia":[{"embeddable":true,"href":"https:\/\/artewebmidia.com.br\/infinita\/wp-json\/wp\/v2\/media\/1085"}],"wp:attachment":[{"href":"https:\/\/artewebmidia.com.br\/infinita\/wp-json\/wp\/v2\/media?parent=756"}],"wp:term":[{"taxonomy":"product_brand","embeddable":true,"href":"https:\/\/artewebmidia.com.br\/infinita\/wp-json\/wp\/v2\/product_brand?post=756"},{"taxonomy":"product_cat","embeddable":true,"href":"https:\/\/artewebmidia.com.br\/infinita\/wp-json\/wp\/v2\/product_cat?post=756"},{"taxonomy":"product_tag","embeddable":true,"href":"https:\/\/artewebmidia.com.br\/infinita\/wp-json\/wp\/v2\/product_tag?post=756"}],"curies":[{"name":"wp","href":"https:\/\/api.w.org\/{rel}","templated":true}]}}