{"id":757,"date":"2023-11-06T10:29:50","date_gmt":"2023-11-06T13:29:50","guid":{"rendered":"https:\/\/artewebmidia.com.br\/infinita\/?post_type=product&#038;p=757"},"modified":"2023-11-09T10:53:14","modified_gmt":"2023-11-09T13:53:14","slug":"mandelic-pro","status":"publish","type":"product","link":"https:\/\/artewebmidia.com.br\/infinita\/produto\/mandelic-pro\/","title":{"rendered":"MANDELIC PR\u00d3"},"content":{"rendered":"<p>\u25cf Peeling de \u00e1cido mand\u00e9lico puro e isolado.<br \/>\n\u25cf Perfeito para pr\u00e9-procedimentos est\u00e9ticos e microagulhamento.<br \/>\n\u25cf Ideal para tratamento de rejuvenescimento e estrias.<br \/>\n\u25cf Ideal para afinamento da pele.<br \/>\n\u25cf Ideal para uma a\u00e7\u00e3o clareadora profunda e combate da oleosidade da pele.<br \/>\n\u25cf Atua na renova\u00e7\u00e3o da epiderme.<br \/>\n\u25cf A\u00e7\u00e3o contra rugas e linhas de express\u00e3o.<br \/>\n\u25cf Perfeito para micropigmentadores no clareamento de sobrancelhas.<\/p>\n<p>&nbsp;<\/p>\n<p>&nbsp;<\/p>\n<p>&nbsp;<\/p>\n<p>&nbsp;<\/p>\n<p>&nbsp;<\/p>\n<p>&nbsp;<\/p>\n","protected":false},"excerpt":{"rendered":"<p>S\u00e9rum de \u00e1cido mand\u00e9lico puro e isolado extremamente concentrado. Desenvolvido exclusivamente para tratamentos est\u00e9ticos<br \/>\nde hipercromias, acne e suas sequelas, rejuvenescimento, estrias e em qualquer outro tratamento que necessite uma a\u00e7\u00e3o<br \/>\nqueratol\u00edtica. Potencializado com pH 3,5.<br \/>\nPode ser utilizado em todos os fototipos de pele (I a VI).<\/p>\n<p>&nbsp;<\/p>\n<p>&nbsp;<\/p>\n<p>&nbsp;<\/p>\n<p>&nbsp;<\/p>\n<p>&nbsp;<\/p>\n<p>&nbsp;<\/p>\n<p>&nbsp;<\/p>\n<p>&nbsp;<\/p>\n<p>&nbsp;<\/p>\n<p>&nbsp;<\/p>\n<p>&nbsp;<\/p>\n","protected":false},"featured_media":758,"comment_status":"open","ping_status":"closed","template":"","meta":{"_joinchat":[]},"product_brand":[],"product_cat":[21],"product_tag":[],"class_list":{"0":"post-757","1":"product","2":"type-product","3":"status-publish","4":"has-post-thumbnail","6":"product_cat-estetica-facial","8":"first","9":"instock","10":"shipping-taxable","11":"purchasable","12":"product-type-simple"},"_links":{"self":[{"href":"https:\/\/artewebmidia.com.br\/infinita\/wp-json\/wp\/v2\/product\/757","targetHints":{"allow":["GET"]}}],"collection":[{"href":"https:\/\/artewebmidia.com.br\/infinita\/wp-json\/wp\/v2\/product"}],"about":[{"href":"https:\/\/artewebmidia.com.br\/infinita\/wp-json\/wp\/v2\/types\/product"}],"replies":[{"embeddable":true,"href":"https:\/\/artewebmidia.com.br\/infinita\/wp-json\/wp\/v2\/comments?post=757"}],"wp:featuredmedia":[{"embeddable":true,"href":"https:\/\/artewebmidia.com.br\/infinita\/wp-json\/wp\/v2\/media\/758"}],"wp:attachment":[{"href":"https:\/\/artewebmidia.com.br\/infinita\/wp-json\/wp\/v2\/media?parent=757"}],"wp:term":[{"taxonomy":"product_brand","embeddable":true,"href":"https:\/\/artewebmidia.com.br\/infinita\/wp-json\/wp\/v2\/product_brand?post=757"},{"taxonomy":"product_cat","embeddable":true,"href":"https:\/\/artewebmidia.com.br\/infinita\/wp-json\/wp\/v2\/product_cat?post=757"},{"taxonomy":"product_tag","embeddable":true,"href":"https:\/\/artewebmidia.com.br\/infinita\/wp-json\/wp\/v2\/product_tag?post=757"}],"curies":[{"name":"wp","href":"https:\/\/api.w.org\/{rel}","templated":true}]}}