{"id":762,"date":"2023-11-06T10:43:53","date_gmt":"2023-11-06T13:43:53","guid":{"rendered":"https:\/\/artewebmidia.com.br\/infinita\/?post_type=product&#038;p=762"},"modified":"2024-09-02T11:56:50","modified_gmt":"2024-09-02T14:56:50","slug":"antiox-factor","status":"publish","type":"product","link":"https:\/\/artewebmidia.com.br\/infinita\/produto\/antiox-factor\/","title":{"rendered":"ANTIOX FACTOR 60g"},"content":{"rendered":"<p>\u25cf Inova\u00e7\u00e3o mundial, formula\u00e7\u00e3o revolucion\u00e1ria com associa\u00e7\u00e3o de gluconolactona e fatores de crescimento.<br \/>\n\u25cf Perfeito para potencializar todos os procedimentos faciais.<br \/>\n\u25cf \u00danico peeling antioxidante do mercado mundial com 20% de gluconolactona, 10% de \u00e1cido el\u00e1gico, 5% de \u00e1cido fer\u00falico associado com<br \/>\nfatores de crescimento, sais de ouro org\u00e2nico, \u00e1cido asc\u00f3rbico, niacinamida e amino\u00e1cidos essenciais.<br \/>\n\u25cf Extrema A\u00e7\u00e3o Antioxidante e Prote\u00e7\u00e3o Contra Radia\u00e7\u00e3o Solar.<br \/>\n\u25cf Efeito iluminador profundo, atua em diversos mecanismos de forma\u00e7\u00e3o da melanina, clareando rapidamente a pele.<br \/>\n\u25cf A\u00e7\u00e3o Anti-Aging para Rejuvenescimento, Rugas e Linhas de Express\u00e3o.<br \/>\n\u25cf A\u00e7\u00e3o Cicatrizante e Restauradora da Epiderme.<br \/>\n\u25cf Estimula a regenera\u00e7\u00e3o tecidual e a bioss\u00edntese de col\u00e1geno e elastina, protegendo a pele contra os danos oxidativos.<br \/>\n\u25cf Ideal para hidrata\u00e7\u00e3o, clareamento e peles sens\u00edveis.<\/p>\n","protected":false},"excerpt":{"rendered":"<p>Peeling Antioxidante com fatores de crescimento, potencializado com extrema concentra\u00e7\u00e3o de Gluconolactona e a mais pura e avan\u00e7ada tecnologia das nanopart\u00edculas de a\u00e7\u00e3o antiglicante. Desenvolvido exclusivamente para tratamentos est\u00e9ticos de pr\u00e9-peeling, acne, rejuvenescimento, hidrata\u00e7\u00e3o, clareamento, estrias e rugas.<\/p>\n","protected":false},"featured_media":763,"comment_status":"open","ping_status":"closed","template":"","meta":{"_joinchat":[]},"product_brand":[],"product_cat":[22,21],"product_tag":[],"class_list":{"0":"post-762","1":"product","2":"type-product","3":"status-publish","4":"has-post-thumbnail","6":"product_cat-estetica-corporal","7":"product_cat-estetica-facial","9":"first","10":"instock","11":"shipping-taxable","12":"purchasable","13":"product-type-simple"},"_links":{"self":[{"href":"https:\/\/artewebmidia.com.br\/infinita\/wp-json\/wp\/v2\/product\/762","targetHints":{"allow":["GET"]}}],"collection":[{"href":"https:\/\/artewebmidia.com.br\/infinita\/wp-json\/wp\/v2\/product"}],"about":[{"href":"https:\/\/artewebmidia.com.br\/infinita\/wp-json\/wp\/v2\/types\/product"}],"replies":[{"embeddable":true,"href":"https:\/\/artewebmidia.com.br\/infinita\/wp-json\/wp\/v2\/comments?post=762"}],"wp:featuredmedia":[{"embeddable":true,"href":"https:\/\/artewebmidia.com.br\/infinita\/wp-json\/wp\/v2\/media\/763"}],"wp:attachment":[{"href":"https:\/\/artewebmidia.com.br\/infinita\/wp-json\/wp\/v2\/media?parent=762"}],"wp:term":[{"taxonomy":"product_brand","embeddable":true,"href":"https:\/\/artewebmidia.com.br\/infinita\/wp-json\/wp\/v2\/product_brand?post=762"},{"taxonomy":"product_cat","embeddable":true,"href":"https:\/\/artewebmidia.com.br\/infinita\/wp-json\/wp\/v2\/product_cat?post=762"},{"taxonomy":"product_tag","embeddable":true,"href":"https:\/\/artewebmidia.com.br\/infinita\/wp-json\/wp\/v2\/product_tag?post=762"}],"curies":[{"name":"wp","href":"https:\/\/api.w.org\/{rel}","templated":true}]}}