{"id":764,"date":"2023-11-06T10:51:12","date_gmt":"2023-11-06T13:51:12","guid":{"rendered":"https:\/\/artewebmidia.com.br\/infinita\/?post_type=product&#038;p=764"},"modified":"2024-09-02T11:55:57","modified_gmt":"2024-09-02T14:55:57","slug":"oleo-de-girassol-ozonizado","status":"publish","type":"product","link":"https:\/\/artewebmidia.com.br\/infinita\/produto\/oleo-de-girassol-ozonizado\/","title":{"rendered":"\u00d3LEO DE GIRASSOL OZONIZADO"},"content":{"rendered":"<p>\u25cf 100% Puro, Vegano e Natural.<\/p>\n<p>\u25cfExclusiva Tecnologia Oz\u00f4nio Complex.<\/p>\n<p>\u25cf A\u00e7\u00e3o antiacne secativa.<\/p>\n<p>\u25cf Potente hidratante, nutritivo e\u00a0restaurador da pele.<\/p>\n<p>\u25cf Estimula o processo de cicatriza\u00e7\u00e3o e regenera\u00e7\u00e3o da pele.<\/p>\n<p>\u25cf Previne e combate fungos e bact\u00e9rias.<\/p>\n<p>\u25cf Antioxidante natural e oxigenante celular.<\/p>\n<p>\u25cf Estimula a circula\u00e7\u00e3o sangu\u00ednea para eliminar as toxinas da pele.<\/p>\n<p>\u25cf Evita a descama\u00e7\u00e3o cut\u00e2nea.<\/p>\n<p>\u25cf Previne o ressecamento e mant\u00e9m a pele macia e sedosa.<\/p>\n<p>\u25cf Perfeito para p\u00f3s-operat\u00f3rio<\/p>\n","protected":false},"excerpt":{"rendered":"<p>\u00d3leo de Girassol 100% puro, vegano e natural enriquecido com Oz\u00f4nio (Oxig\u00eanio Ativo \u2013 O3). Rico em Vitamina E e \u00c1cidos Graxos Essenciais como \u00d4mega 6 e 9, que nutrem e promovem hidrata\u00e7\u00e3o, maciez e a\u00e7\u00e3o regeneradora sobre a pele.<\/p>\n","protected":false},"featured_media":765,"comment_status":"open","ping_status":"closed","template":"","meta":{"_joinchat":[]},"product_brand":[],"product_cat":[22,21],"product_tag":[],"class_list":{"0":"post-764","1":"product","2":"type-product","3":"status-publish","4":"has-post-thumbnail","6":"product_cat-estetica-corporal","7":"product_cat-estetica-facial","9":"first","10":"instock","11":"shipping-taxable","12":"purchasable","13":"product-type-simple"},"_links":{"self":[{"href":"https:\/\/artewebmidia.com.br\/infinita\/wp-json\/wp\/v2\/product\/764","targetHints":{"allow":["GET"]}}],"collection":[{"href":"https:\/\/artewebmidia.com.br\/infinita\/wp-json\/wp\/v2\/product"}],"about":[{"href":"https:\/\/artewebmidia.com.br\/infinita\/wp-json\/wp\/v2\/types\/product"}],"replies":[{"embeddable":true,"href":"https:\/\/artewebmidia.com.br\/infinita\/wp-json\/wp\/v2\/comments?post=764"}],"wp:featuredmedia":[{"embeddable":true,"href":"https:\/\/artewebmidia.com.br\/infinita\/wp-json\/wp\/v2\/media\/765"}],"wp:attachment":[{"href":"https:\/\/artewebmidia.com.br\/infinita\/wp-json\/wp\/v2\/media?parent=764"}],"wp:term":[{"taxonomy":"product_brand","embeddable":true,"href":"https:\/\/artewebmidia.com.br\/infinita\/wp-json\/wp\/v2\/product_brand?post=764"},{"taxonomy":"product_cat","embeddable":true,"href":"https:\/\/artewebmidia.com.br\/infinita\/wp-json\/wp\/v2\/product_cat?post=764"},{"taxonomy":"product_tag","embeddable":true,"href":"https:\/\/artewebmidia.com.br\/infinita\/wp-json\/wp\/v2\/product_tag?post=764"}],"curies":[{"name":"wp","href":"https:\/\/api.w.org\/{rel}","templated":true}]}}