{"id":766,"date":"2023-11-06T11:00:42","date_gmt":"2023-11-06T14:00:42","guid":{"rendered":"https:\/\/artewebmidia.com.br\/infinita\/?post_type=product&#038;p=766"},"modified":"2023-11-14T15:27:06","modified_gmt":"2023-11-14T18:27:06","slug":"oleo-de-rosa-mosqueta","status":"publish","type":"product","link":"https:\/\/artewebmidia.com.br\/infinita\/produto\/oleo-de-rosa-mosqueta\/","title":{"rendered":"\u00d3LEO DE ROSA MOSQUETA 10ML"},"content":{"rendered":"<p>\u25cf Atenua rugas e linhas de express\u00e3o.<\/p>\n<p>\u25cf Previne o envelhecimento precoce.<\/p>\n<p>\u25cf Antioxidante natural.<\/p>\n<p>\u25cf Melhora manchas da pele.<\/p>\n<p>\u25cf Ideal para preven\u00e7\u00e3o de estrias.<\/p>\n<p>\u25cf Alto poder regenerador de tecidos.<\/p>\n<p>\u25cf Alto poder hidratante e nutritivo.<\/p>\n<p>\u25cf Evita a descama\u00e7\u00e3o cut\u00e2nea.<\/p>\n<p>\u25cf Previne o ressecamento e mant\u00e9m a pele macia e sedosa.<\/p>\n<p>\u25cf Perfeito para usar durante toda a gesta\u00e7\u00e3o.<\/p>\n<p>\u25cf 100% Puro, Vegano e Natural.<\/p>\n<p>\u25cf Sem corantes ou conservantes<\/p>\n","protected":false},"excerpt":{"rendered":"<p>\u00d3leo de Rosa Mosqueta 100% puro, vegano e natural, rico em \u00c1cido Graxos Essenciais e Vitamina F que nutrem e promovem<br \/>\nhidrata\u00e7\u00e3o, maciez e a\u00e7\u00e3o regeneradora sobre a pele.<\/p>\n","protected":false},"featured_media":1090,"comment_status":"open","ping_status":"closed","template":"","meta":{"_joinchat":[]},"product_brand":[],"product_cat":[22,21],"product_tag":[],"class_list":{"0":"post-766","1":"product","2":"type-product","3":"status-publish","4":"has-post-thumbnail","6":"product_cat-estetica-corporal","7":"product_cat-estetica-facial","9":"first","10":"instock","11":"shipping-taxable","12":"purchasable","13":"product-type-simple"},"_links":{"self":[{"href":"https:\/\/artewebmidia.com.br\/infinita\/wp-json\/wp\/v2\/product\/766","targetHints":{"allow":["GET"]}}],"collection":[{"href":"https:\/\/artewebmidia.com.br\/infinita\/wp-json\/wp\/v2\/product"}],"about":[{"href":"https:\/\/artewebmidia.com.br\/infinita\/wp-json\/wp\/v2\/types\/product"}],"replies":[{"embeddable":true,"href":"https:\/\/artewebmidia.com.br\/infinita\/wp-json\/wp\/v2\/comments?post=766"}],"wp:featuredmedia":[{"embeddable":true,"href":"https:\/\/artewebmidia.com.br\/infinita\/wp-json\/wp\/v2\/media\/1090"}],"wp:attachment":[{"href":"https:\/\/artewebmidia.com.br\/infinita\/wp-json\/wp\/v2\/media?parent=766"}],"wp:term":[{"taxonomy":"product_brand","embeddable":true,"href":"https:\/\/artewebmidia.com.br\/infinita\/wp-json\/wp\/v2\/product_brand?post=766"},{"taxonomy":"product_cat","embeddable":true,"href":"https:\/\/artewebmidia.com.br\/infinita\/wp-json\/wp\/v2\/product_cat?post=766"},{"taxonomy":"product_tag","embeddable":true,"href":"https:\/\/artewebmidia.com.br\/infinita\/wp-json\/wp\/v2\/product_tag?post=766"}],"curies":[{"name":"wp","href":"https:\/\/api.w.org\/{rel}","templated":true}]}}