{"id":767,"date":"2023-11-06T11:11:48","date_gmt":"2023-11-06T14:11:48","guid":{"rendered":"https:\/\/artewebmidia.com.br\/infinita\/?post_type=product&#038;p=767"},"modified":"2024-09-02T11:54:58","modified_gmt":"2024-09-02T14:54:58","slug":"negatividade","status":"publish","type":"product","link":"https:\/\/artewebmidia.com.br\/infinita\/produto\/negatividade\/","title":{"rendered":"FLORAL NEGATIVIDADE"},"content":{"rendered":"<p>\u25cf 100% natural<\/p>\n<p>\u25cfPotencializados com cromoterapia e musicoterapia<\/p>\n<p>\u25cf Melhora a autoestima e a felicidade<\/p>\n<p>\u25cf Reduz os pensamentos negativos<\/p>\n<p>\u25cf Reduz a tristeza profunda<\/p>\n<p>\u25cf Melhora o equil\u00edbrio emocional<\/p>\n<p>\u25cf Ansiol\u00edtico natural<\/p>\n","protected":false},"excerpt":{"rendered":"<p>Combate a ansiedade, tristeza e a depress\u00e3o profunda. Suas ess\u00eancias auxiliam no desenvolvimento de atitudes positivas,<br \/>\ngerando for\u00e7a para supera\u00e7\u00e3o das dificuldades e restaurando a felicidade.<\/p>\n","protected":false},"featured_media":768,"comment_status":"open","ping_status":"closed","template":"","meta":{"_joinchat":[]},"product_brand":[],"product_cat":[24],"product_tag":[],"class_list":{"0":"post-767","1":"product","2":"type-product","3":"status-publish","4":"has-post-thumbnail","6":"product_cat-saude","8":"first","9":"outofstock","10":"shipping-taxable","11":"purchasable","12":"product-type-simple"},"_links":{"self":[{"href":"https:\/\/artewebmidia.com.br\/infinita\/wp-json\/wp\/v2\/product\/767","targetHints":{"allow":["GET"]}}],"collection":[{"href":"https:\/\/artewebmidia.com.br\/infinita\/wp-json\/wp\/v2\/product"}],"about":[{"href":"https:\/\/artewebmidia.com.br\/infinita\/wp-json\/wp\/v2\/types\/product"}],"replies":[{"embeddable":true,"href":"https:\/\/artewebmidia.com.br\/infinita\/wp-json\/wp\/v2\/comments?post=767"}],"wp:featuredmedia":[{"embeddable":true,"href":"https:\/\/artewebmidia.com.br\/infinita\/wp-json\/wp\/v2\/media\/768"}],"wp:attachment":[{"href":"https:\/\/artewebmidia.com.br\/infinita\/wp-json\/wp\/v2\/media?parent=767"}],"wp:term":[{"taxonomy":"product_brand","embeddable":true,"href":"https:\/\/artewebmidia.com.br\/infinita\/wp-json\/wp\/v2\/product_brand?post=767"},{"taxonomy":"product_cat","embeddable":true,"href":"https:\/\/artewebmidia.com.br\/infinita\/wp-json\/wp\/v2\/product_cat?post=767"},{"taxonomy":"product_tag","embeddable":true,"href":"https:\/\/artewebmidia.com.br\/infinita\/wp-json\/wp\/v2\/product_tag?post=767"}],"curies":[{"name":"wp","href":"https:\/\/api.w.org\/{rel}","templated":true}]}}