{"id":769,"date":"2023-11-06T11:19:49","date_gmt":"2023-11-06T14:19:49","guid":{"rendered":"https:\/\/artewebmidia.com.br\/infinita\/?post_type=product&#038;p=769"},"modified":"2024-09-02T11:54:05","modified_gmt":"2024-09-02T14:54:05","slug":"oleo-essencial-cipreste","status":"publish","type":"product","link":"https:\/\/artewebmidia.com.br\/infinita\/produto\/oleo-essencial-cipreste\/","title":{"rendered":"\u00d3LEO ESSENCIAL CIPRESTE"},"content":{"rendered":"<p>Sua propriedade adstringente o faz muito \u00fatil sobre o sistema circulat\u00f3rio. Possui efeito desintoxicante, ajuda a eliminar o excesso de l\u00edquidos e toxinas, sendo \u00fatil em casos de obesidade e celulite.<\/p>\n","protected":false},"excerpt":{"rendered":"<p>\u00d3leo terreno e reequilibrante nervino, compat\u00edvel com pessoas desequilibradas com esgotamento nervoso devido a falta de estabilidade. Atua muito bem na depress\u00e3o, esquecimento e amn\u00e9sia devido ao medo. Alivia a ira, previne o retraimento, a m\u00e1goa, desgosto e a oscila\u00e7\u00e3o de humor. Promove aprendizado com confian\u00e7a e for\u00e7a.<\/p>\n","protected":false},"featured_media":771,"comment_status":"open","ping_status":"closed","template":"","meta":{"_joinchat":[]},"product_brand":[],"product_cat":[24],"product_tag":[],"class_list":{"0":"post-769","1":"product","2":"type-product","3":"status-publish","4":"has-post-thumbnail","6":"product_cat-saude","8":"first","9":"instock","10":"shipping-taxable","11":"purchasable","12":"product-type-simple"},"_links":{"self":[{"href":"https:\/\/artewebmidia.com.br\/infinita\/wp-json\/wp\/v2\/product\/769","targetHints":{"allow":["GET"]}}],"collection":[{"href":"https:\/\/artewebmidia.com.br\/infinita\/wp-json\/wp\/v2\/product"}],"about":[{"href":"https:\/\/artewebmidia.com.br\/infinita\/wp-json\/wp\/v2\/types\/product"}],"replies":[{"embeddable":true,"href":"https:\/\/artewebmidia.com.br\/infinita\/wp-json\/wp\/v2\/comments?post=769"}],"wp:featuredmedia":[{"embeddable":true,"href":"https:\/\/artewebmidia.com.br\/infinita\/wp-json\/wp\/v2\/media\/771"}],"wp:attachment":[{"href":"https:\/\/artewebmidia.com.br\/infinita\/wp-json\/wp\/v2\/media?parent=769"}],"wp:term":[{"taxonomy":"product_brand","embeddable":true,"href":"https:\/\/artewebmidia.com.br\/infinita\/wp-json\/wp\/v2\/product_brand?post=769"},{"taxonomy":"product_cat","embeddable":true,"href":"https:\/\/artewebmidia.com.br\/infinita\/wp-json\/wp\/v2\/product_cat?post=769"},{"taxonomy":"product_tag","embeddable":true,"href":"https:\/\/artewebmidia.com.br\/infinita\/wp-json\/wp\/v2\/product_tag?post=769"}],"curies":[{"name":"wp","href":"https:\/\/api.w.org\/{rel}","templated":true}]}}