{"id":774,"date":"2023-11-06T11:32:04","date_gmt":"2023-11-06T14:32:04","guid":{"rendered":"https:\/\/artewebmidia.com.br\/infinita\/?post_type=product&#038;p=774"},"modified":"2024-09-02T11:51:28","modified_gmt":"2024-09-02T14:51:28","slug":"oleo-essencial-lavanda-francesa","status":"publish","type":"product","link":"https:\/\/artewebmidia.com.br\/infinita\/produto\/oleo-essencial-lavanda-francesa\/","title":{"rendered":"\u00d3LEO ESSENCIAL LAVANDA FRANCESA"},"content":{"rendered":"<p>Antiss\u00e9ptico, cicatrizante, regenerador celular, calmante e tranquilizante. Trata com efici\u00eancia as dores originadas por tens\u00e3o, excesso de esfor\u00e7o f\u00edsico ou pancada. Alivia os sintomas de torcicolos, c\u00f3licas menstruais e estomacais, espasmos musculares, tendinites, dores nos p\u00e9s e nas costas. Sua composi\u00e7\u00e3o rica em \u00e9steres atua como sedativo para o sistema nervoso. Combina com a maioria dos \u00f3leos essenciais e \u00e9 excelente contra ins\u00f4nia, varia\u00e7\u00e3o de humor e tens\u00e3o nervosa.<\/p>\n","protected":false},"excerpt":{"rendered":"<p>Sua fragr\u00e2ncia concede sentimento de liberdade interior. Agindo firmemente na psique, remove indecis\u00f5es e toda esp\u00e9cie de conflitos emocionais, acalmando estados conturbados e incontrol\u00e1veis; traz modera\u00e7\u00e3o e sentimento de racionalidade, fortalece a consci\u00eancia com serenidade e nobreza.<\/p>\n<p>&nbsp;<\/p>\n<p>&nbsp;<\/p>\n","protected":false},"featured_media":775,"comment_status":"open","ping_status":"closed","template":"","meta":{"_joinchat":[]},"product_brand":[],"product_cat":[24],"product_tag":[],"class_list":{"0":"post-774","1":"product","2":"type-product","3":"status-publish","4":"has-post-thumbnail","6":"product_cat-saude","8":"first","9":"instock","10":"shipping-taxable","11":"purchasable","12":"product-type-simple"},"_links":{"self":[{"href":"https:\/\/artewebmidia.com.br\/infinita\/wp-json\/wp\/v2\/product\/774","targetHints":{"allow":["GET"]}}],"collection":[{"href":"https:\/\/artewebmidia.com.br\/infinita\/wp-json\/wp\/v2\/product"}],"about":[{"href":"https:\/\/artewebmidia.com.br\/infinita\/wp-json\/wp\/v2\/types\/product"}],"replies":[{"embeddable":true,"href":"https:\/\/artewebmidia.com.br\/infinita\/wp-json\/wp\/v2\/comments?post=774"}],"wp:featuredmedia":[{"embeddable":true,"href":"https:\/\/artewebmidia.com.br\/infinita\/wp-json\/wp\/v2\/media\/775"}],"wp:attachment":[{"href":"https:\/\/artewebmidia.com.br\/infinita\/wp-json\/wp\/v2\/media?parent=774"}],"wp:term":[{"taxonomy":"product_brand","embeddable":true,"href":"https:\/\/artewebmidia.com.br\/infinita\/wp-json\/wp\/v2\/product_brand?post=774"},{"taxonomy":"product_cat","embeddable":true,"href":"https:\/\/artewebmidia.com.br\/infinita\/wp-json\/wp\/v2\/product_cat?post=774"},{"taxonomy":"product_tag","embeddable":true,"href":"https:\/\/artewebmidia.com.br\/infinita\/wp-json\/wp\/v2\/product_tag?post=774"}],"curies":[{"name":"wp","href":"https:\/\/api.w.org\/{rel}","templated":true}]}}