{"id":776,"date":"2023-11-06T11:39:57","date_gmt":"2023-11-06T14:39:57","guid":{"rendered":"https:\/\/artewebmidia.com.br\/infinita\/?post_type=product&#038;p=776"},"modified":"2024-09-02T11:50:53","modified_gmt":"2024-09-02T14:50:53","slug":"oleo-essencial-menta-piperita","status":"publish","type":"product","link":"https:\/\/artewebmidia.com.br\/infinita\/produto\/oleo-essencial-menta-piperita\/","title":{"rendered":"\u00d3LEO ESSENCIAL MENTA PIPERITA"},"content":{"rendered":"<p>Vasoconstritor, analg\u00e9sico, anti-inflamat\u00f3rio, carminativo, cefal\u00edtico e bactericida.<\/p>\n<p>As compressas frias s\u00e3o uma excelente forma de reduzir incha\u00e7os nos tratamentos de traumas e tratamentos pr\u00e9 e p\u00f3s-cir\u00fargico.<\/p>\n<p>Em massagens e banhos, ele \u00e9 refrescante, energizante, revigorante, analg\u00e9sico e estom\u00e1quico. Age como vasoconstritor e melhora a respira\u00e7\u00e3o e o desempenho muscular.<\/p>\n","protected":false},"excerpt":{"rendered":"<p>Seu aroma estimula e acalma, eleva e suaviza; sua fragr\u00e2ncia pode nos prover de muitas de nossas necessidades. Quando estamos let\u00e1rgicos e pensamos que tudo est\u00e1 perdido, a menta nos energiza, coloca-nos em contato com nosso eu interior, o divino que habita em n\u00f3s.<\/p>\n<p>&nbsp;<\/p>\n<p>&nbsp;<\/p>\n","protected":false},"featured_media":777,"comment_status":"open","ping_status":"closed","template":"","meta":{"_joinchat":[]},"product_brand":[],"product_cat":[24],"product_tag":[],"class_list":{"0":"post-776","1":"product","2":"type-product","3":"status-publish","4":"has-post-thumbnail","6":"product_cat-saude","8":"first","9":"instock","10":"shipping-taxable","11":"purchasable","12":"product-type-simple"},"_links":{"self":[{"href":"https:\/\/artewebmidia.com.br\/infinita\/wp-json\/wp\/v2\/product\/776","targetHints":{"allow":["GET"]}}],"collection":[{"href":"https:\/\/artewebmidia.com.br\/infinita\/wp-json\/wp\/v2\/product"}],"about":[{"href":"https:\/\/artewebmidia.com.br\/infinita\/wp-json\/wp\/v2\/types\/product"}],"replies":[{"embeddable":true,"href":"https:\/\/artewebmidia.com.br\/infinita\/wp-json\/wp\/v2\/comments?post=776"}],"wp:featuredmedia":[{"embeddable":true,"href":"https:\/\/artewebmidia.com.br\/infinita\/wp-json\/wp\/v2\/media\/777"}],"wp:attachment":[{"href":"https:\/\/artewebmidia.com.br\/infinita\/wp-json\/wp\/v2\/media?parent=776"}],"wp:term":[{"taxonomy":"product_brand","embeddable":true,"href":"https:\/\/artewebmidia.com.br\/infinita\/wp-json\/wp\/v2\/product_brand?post=776"},{"taxonomy":"product_cat","embeddable":true,"href":"https:\/\/artewebmidia.com.br\/infinita\/wp-json\/wp\/v2\/product_cat?post=776"},{"taxonomy":"product_tag","embeddable":true,"href":"https:\/\/artewebmidia.com.br\/infinita\/wp-json\/wp\/v2\/product_tag?post=776"}],"curies":[{"name":"wp","href":"https:\/\/api.w.org\/{rel}","templated":true}]}}