{"id":778,"date":"2023-11-06T11:45:22","date_gmt":"2023-11-06T14:45:22","guid":{"rendered":"https:\/\/artewebmidia.com.br\/infinita\/?post_type=product&#038;p=778"},"modified":"2024-09-02T11:50:21","modified_gmt":"2024-09-02T14:50:21","slug":"oleo-essencial-cravo-botao","status":"publish","type":"product","link":"https:\/\/artewebmidia.com.br\/infinita\/produto\/oleo-essencial-cravo-botao\/","title":{"rendered":"\u00d3LEO ESSENCIAL CRAVO BOT\u00c3O"},"content":{"rendered":"<p>\u00c9 o \u00f3leo do movimento, faz as coisas acontecerem. A sua vibra\u00e7\u00e3o \u00e9 da persist\u00eancia e desapego. Ajuda nos momentos da vida, onde se passa por mudan\u00e7as e finaliza\u00e7\u00f5es de tarefas, auxiliando no rompimento da barreira do des\u00e2nimo e cansa\u00e7o.<br \/>\nFaz a assepsia energ\u00e9tica, libera a energia ps\u00edquica antiga impregnada em objetos, roupas, ambientes, incentivando o<br \/>\ndesapego. \u00c9 revigorante e tamb\u00e9m afrodis\u00edaco, estimula e aumenta a energia pessoal, libido e disposi\u00e7\u00e3o sexual.<\/p>\n","protected":false},"excerpt":{"rendered":"<p>Anti-infeccioso, antiviral, fungicida, bactericida, anti-inflamat\u00f3rio, carminativo, antiespasm\u00f3dico, anest\u00e9sico, analg\u00e9sico local. Devido suas propriedades analg\u00e9sicas e antiss\u00e9pticas, \u00e9 muito \u00fatil para tratar micoses e unha encravada. Apresenta um forte aroma caracter\u00edstico, sendo considerado um \u00f3timo revigorante, afrodis\u00edaco, estimulando e aumentando a energia pessoal, libido e<br \/>\ndisposi\u00e7\u00e3o sexual.<\/p>\n","protected":false},"featured_media":779,"comment_status":"open","ping_status":"closed","template":"","meta":{"_joinchat":[]},"product_brand":[],"product_cat":[24],"product_tag":[],"class_list":{"0":"post-778","1":"product","2":"type-product","3":"status-publish","4":"has-post-thumbnail","6":"product_cat-saude","8":"first","9":"instock","10":"shipping-taxable","11":"purchasable","12":"product-type-simple"},"_links":{"self":[{"href":"https:\/\/artewebmidia.com.br\/infinita\/wp-json\/wp\/v2\/product\/778","targetHints":{"allow":["GET"]}}],"collection":[{"href":"https:\/\/artewebmidia.com.br\/infinita\/wp-json\/wp\/v2\/product"}],"about":[{"href":"https:\/\/artewebmidia.com.br\/infinita\/wp-json\/wp\/v2\/types\/product"}],"replies":[{"embeddable":true,"href":"https:\/\/artewebmidia.com.br\/infinita\/wp-json\/wp\/v2\/comments?post=778"}],"wp:featuredmedia":[{"embeddable":true,"href":"https:\/\/artewebmidia.com.br\/infinita\/wp-json\/wp\/v2\/media\/779"}],"wp:attachment":[{"href":"https:\/\/artewebmidia.com.br\/infinita\/wp-json\/wp\/v2\/media?parent=778"}],"wp:term":[{"taxonomy":"product_brand","embeddable":true,"href":"https:\/\/artewebmidia.com.br\/infinita\/wp-json\/wp\/v2\/product_brand?post=778"},{"taxonomy":"product_cat","embeddable":true,"href":"https:\/\/artewebmidia.com.br\/infinita\/wp-json\/wp\/v2\/product_cat?post=778"},{"taxonomy":"product_tag","embeddable":true,"href":"https:\/\/artewebmidia.com.br\/infinita\/wp-json\/wp\/v2\/product_tag?post=778"}],"curies":[{"name":"wp","href":"https:\/\/api.w.org\/{rel}","templated":true}]}}