{"id":780,"date":"2023-11-06T11:52:27","date_gmt":"2023-11-06T14:52:27","guid":{"rendered":"https:\/\/artewebmidia.com.br\/infinita\/?post_type=product&#038;p=780"},"modified":"2024-09-02T11:49:46","modified_gmt":"2024-09-02T14:49:46","slug":"oleo-essencial-laranja-doce","status":"publish","type":"product","link":"https:\/\/artewebmidia.com.br\/infinita\/produto\/oleo-essencial-laranja-doce\/","title":{"rendered":"\u00d3LEO ESSENCIAL LARANJA DOCE"},"content":{"rendered":"<p>O \u00d3leo Essencial de Laranja Doce \u00e9 um \u00f3timo estimulante do sistema imunol\u00f3gico e circulat\u00f3rio.<br \/>\nAjuda a desfazer as gorduras localizadas, a celulite e a reten\u00e7\u00e3o de l\u00edquidos. \u00c9 regenerador dos tecidos para<br \/>\npele seca ou envelhecida. Seu aroma agrad\u00e1vel alivia a ansiedade e a depress\u00e3o e tem o poder de alegrar o ambiente.<\/p>\n","protected":false},"excerpt":{"rendered":"<p>\u00c9 o \u00f3leo essencial da alegria e da espontaneidade, pois \u00e9 capaz de criar uma atmosfera leve e delicada.<br \/>\nEssa capacidade est\u00e1 ligada ao fato dele ser capaz de reverter quadros de ansiedade e de tristezas profundas.\u00c9 reanimador, afasta o t\u00e9dio e apatia,\u00a0reestabelecendo a energia vital.<\/p>\n","protected":false},"featured_media":781,"comment_status":"open","ping_status":"closed","template":"","meta":{"_joinchat":[]},"product_brand":[],"product_cat":[24],"product_tag":[],"class_list":{"0":"post-780","1":"product","2":"type-product","3":"status-publish","4":"has-post-thumbnail","6":"product_cat-saude","8":"first","9":"instock","10":"shipping-taxable","11":"purchasable","12":"product-type-simple"},"_links":{"self":[{"href":"https:\/\/artewebmidia.com.br\/infinita\/wp-json\/wp\/v2\/product\/780","targetHints":{"allow":["GET"]}}],"collection":[{"href":"https:\/\/artewebmidia.com.br\/infinita\/wp-json\/wp\/v2\/product"}],"about":[{"href":"https:\/\/artewebmidia.com.br\/infinita\/wp-json\/wp\/v2\/types\/product"}],"replies":[{"embeddable":true,"href":"https:\/\/artewebmidia.com.br\/infinita\/wp-json\/wp\/v2\/comments?post=780"}],"wp:featuredmedia":[{"embeddable":true,"href":"https:\/\/artewebmidia.com.br\/infinita\/wp-json\/wp\/v2\/media\/781"}],"wp:attachment":[{"href":"https:\/\/artewebmidia.com.br\/infinita\/wp-json\/wp\/v2\/media?parent=780"}],"wp:term":[{"taxonomy":"product_brand","embeddable":true,"href":"https:\/\/artewebmidia.com.br\/infinita\/wp-json\/wp\/v2\/product_brand?post=780"},{"taxonomy":"product_cat","embeddable":true,"href":"https:\/\/artewebmidia.com.br\/infinita\/wp-json\/wp\/v2\/product_cat?post=780"},{"taxonomy":"product_tag","embeddable":true,"href":"https:\/\/artewebmidia.com.br\/infinita\/wp-json\/wp\/v2\/product_tag?post=780"}],"curies":[{"name":"wp","href":"https:\/\/api.w.org\/{rel}","templated":true}]}}