{"id":784,"date":"2023-11-07T09:28:12","date_gmt":"2023-11-07T12:28:12","guid":{"rendered":"https:\/\/artewebmidia.com.br\/infinita\/?post_type=product&#038;p=784"},"modified":"2024-09-02T11:49:07","modified_gmt":"2024-09-02T14:49:07","slug":"oleo-essencial-de-copaiba","status":"publish","type":"product","link":"https:\/\/artewebmidia.com.br\/infinita\/produto\/oleo-essencial-de-copaiba\/","title":{"rendered":"\u00d3LEO ESSENCIAL DE COPA\u00cdBA"},"content":{"rendered":"<p>O \u00d3leo Essencial de Copaiba, conhecida como o antibi\u00f3tico da mata, \u00e9 uma das plantas medicinais mais usadas, principalmente para tratar inflama\u00e7\u00f5es. Seu \u00f3leo por ser poderoso anti-inflamat\u00f3rio e antibi\u00f3tico natural, \u00e9 indicado para o al\u00edvio de dores musculares, ativa\u00e7\u00e3o da circula\u00e7\u00e3o, desintoxica\u00e7\u00e3o do organismo, antiss\u00e9ptico, expectorante, entre outros. Al\u00e9m disso, \u00e9 muito indicado para tratamentos capilares e da epiderme.<\/p>\n<p>&nbsp;<\/p>\n<p>&nbsp;<\/p>\n","protected":false},"excerpt":{"rendered":"<p>O \u00d3leo Essencial de Copa\u00edba auxilia a manter o foco e aumenta a autoconfian\u00e7a. Seu aroma \u00e9 amadeirado e bals\u00e2mico. Calmante, \u00e9 auxiliar no combate ao estresse e ansiedade. Sedativo, aumenta a confian\u00e7a e antidepressivo.<\/p>\n","protected":false},"featured_media":0,"comment_status":"open","ping_status":"closed","template":"","meta":{"_joinchat":[]},"product_brand":[],"product_cat":[24],"product_tag":[],"class_list":{"0":"post-784","1":"product","2":"type-product","3":"status-publish","5":"product_cat-saude","7":"first","8":"instock","9":"shipping-taxable","10":"purchasable","11":"product-type-simple"},"_links":{"self":[{"href":"https:\/\/artewebmidia.com.br\/infinita\/wp-json\/wp\/v2\/product\/784","targetHints":{"allow":["GET"]}}],"collection":[{"href":"https:\/\/artewebmidia.com.br\/infinita\/wp-json\/wp\/v2\/product"}],"about":[{"href":"https:\/\/artewebmidia.com.br\/infinita\/wp-json\/wp\/v2\/types\/product"}],"replies":[{"embeddable":true,"href":"https:\/\/artewebmidia.com.br\/infinita\/wp-json\/wp\/v2\/comments?post=784"}],"wp:attachment":[{"href":"https:\/\/artewebmidia.com.br\/infinita\/wp-json\/wp\/v2\/media?parent=784"}],"wp:term":[{"taxonomy":"product_brand","embeddable":true,"href":"https:\/\/artewebmidia.com.br\/infinita\/wp-json\/wp\/v2\/product_brand?post=784"},{"taxonomy":"product_cat","embeddable":true,"href":"https:\/\/artewebmidia.com.br\/infinita\/wp-json\/wp\/v2\/product_cat?post=784"},{"taxonomy":"product_tag","embeddable":true,"href":"https:\/\/artewebmidia.com.br\/infinita\/wp-json\/wp\/v2\/product_tag?post=784"}],"curies":[{"name":"wp","href":"https:\/\/api.w.org\/{rel}","templated":true}]}}