{"id":786,"date":"2023-11-07T09:48:36","date_gmt":"2023-11-07T12:48:36","guid":{"rendered":"https:\/\/artewebmidia.com.br\/infinita\/?post_type=product&#038;p=786"},"modified":"2023-11-08T16:35:33","modified_gmt":"2023-11-08T19:35:33","slug":"cha-desintoxi","status":"publish","type":"product","link":"https:\/\/artewebmidia.com.br\/infinita\/produto\/cha-desintoxi\/","title":{"rendered":"CH\u00c1 DESINTOXI"},"content":{"rendered":"<p>\u25cf HIBISCO<br \/>\n\u25cf CH\u00c1 VERDE<br \/>\n\u25cf LIM\u00c3O<br \/>\n\u25cf HORTEL\u00c3<br \/>\n\u25cf ERVA MATE<br \/>\n\u25cf CARQUEJA<br \/>\n\u25cf GUARAN\u00c1<br \/>\n\u25cf GENGIBRE<br \/>\n\u25cf CANELA<br \/>\n\u25cf S\u00c1LVIA<br \/>\n\u25cf ALECRIM<br \/>\n\u25cf CRAVO-DA-\u00cdNDIA<br \/>\n\u25cf PIMENTA ROSA<br \/>\n\u25cf ANIS ESTRELADO<br \/>\n\u25cf CARDAMOMO<\/p>\n","protected":false},"excerpt":{"rendered":"<p>O ch\u00e1 Desintoxi \u00e9 naturalmente desintoxicante,<br \/>\npossui a uni\u00e3o de 15 ingredientes frescos<br \/>\nincompar\u00e1veis, com um sabor irresist\u00edvel &amp;<br \/>\nmuito gostoso.<br \/>\n*\u00c9 vegano, n\u00e3o cont\u00e9m a\u00e7\u00facar, gl\u00faten, lactose e<br \/>\nn\u00e3o \u00e9 testado em animais.<\/p>\n<p>60 sach\u00eas<\/p>\n","protected":false},"featured_media":787,"comment_status":"open","ping_status":"closed","template":"","meta":{"_joinchat":[]},"product_brand":[],"product_cat":[24],"product_tag":[],"class_list":{"0":"post-786","1":"product","2":"type-product","3":"status-publish","4":"has-post-thumbnail","6":"product_cat-saude","8":"first","9":"instock","10":"shipping-taxable","11":"purchasable","12":"product-type-simple"},"_links":{"self":[{"href":"https:\/\/artewebmidia.com.br\/infinita\/wp-json\/wp\/v2\/product\/786","targetHints":{"allow":["GET"]}}],"collection":[{"href":"https:\/\/artewebmidia.com.br\/infinita\/wp-json\/wp\/v2\/product"}],"about":[{"href":"https:\/\/artewebmidia.com.br\/infinita\/wp-json\/wp\/v2\/types\/product"}],"replies":[{"embeddable":true,"href":"https:\/\/artewebmidia.com.br\/infinita\/wp-json\/wp\/v2\/comments?post=786"}],"wp:featuredmedia":[{"embeddable":true,"href":"https:\/\/artewebmidia.com.br\/infinita\/wp-json\/wp\/v2\/media\/787"}],"wp:attachment":[{"href":"https:\/\/artewebmidia.com.br\/infinita\/wp-json\/wp\/v2\/media?parent=786"}],"wp:term":[{"taxonomy":"product_brand","embeddable":true,"href":"https:\/\/artewebmidia.com.br\/infinita\/wp-json\/wp\/v2\/product_brand?post=786"},{"taxonomy":"product_cat","embeddable":true,"href":"https:\/\/artewebmidia.com.br\/infinita\/wp-json\/wp\/v2\/product_cat?post=786"},{"taxonomy":"product_tag","embeddable":true,"href":"https:\/\/artewebmidia.com.br\/infinita\/wp-json\/wp\/v2\/product_tag?post=786"}],"curies":[{"name":"wp","href":"https:\/\/api.w.org\/{rel}","templated":true}]}}