{"id":789,"date":"2023-11-07T09:58:52","date_gmt":"2023-11-07T12:58:52","guid":{"rendered":"https:\/\/artewebmidia.com.br\/infinita\/?post_type=product&#038;p=789"},"modified":"2023-11-08T16:35:00","modified_gmt":"2023-11-08T19:35:00","slug":"cha-desintoxi-noite-dia","status":"publish","type":"product","link":"https:\/\/artewebmidia.com.br\/infinita\/produto\/cha-desintoxi-noite-dia\/","title":{"rendered":"CH\u00c1 DESINTOXI NOITE &#038; DIA"},"content":{"rendered":"<p>*\u00c9 vegano, n\u00e3o cont\u00e9m a\u00e7\u00facar, gl\u00faten, lactose e n\u00e3o \u00e9 testado em animais. 60 sach\u00eas.<\/p>\n","protected":false},"excerpt":{"rendered":"<p>O ch\u00e1 Desintoxi Dia \u00e9 naturalmente desintoxicante, possui a uni\u00e3o de 15 ingredientes frescos incompar\u00e1veis, com um sabor<br \/>\nirresist\u00edvel &amp; muito gostoso.<\/p>\n<p>O ch\u00e1 Desintoxi Noite \u00e9 perfeito para quem quer relaxar e, ao mesmo tempo, desintoxicar o organismo. A sintonia da Natureza e o equil\u00edbrio dos 15 ingredientes promovem um momento saud\u00e1vel, leve e saboroso.<\/p>\n","protected":false},"featured_media":790,"comment_status":"open","ping_status":"closed","template":"","meta":{"_joinchat":[]},"product_brand":[],"product_cat":[24],"product_tag":[],"class_list":{"0":"post-789","1":"product","2":"type-product","3":"status-publish","4":"has-post-thumbnail","6":"product_cat-saude","8":"first","9":"instock","10":"shipping-taxable","11":"purchasable","12":"product-type-simple"},"_links":{"self":[{"href":"https:\/\/artewebmidia.com.br\/infinita\/wp-json\/wp\/v2\/product\/789","targetHints":{"allow":["GET"]}}],"collection":[{"href":"https:\/\/artewebmidia.com.br\/infinita\/wp-json\/wp\/v2\/product"}],"about":[{"href":"https:\/\/artewebmidia.com.br\/infinita\/wp-json\/wp\/v2\/types\/product"}],"replies":[{"embeddable":true,"href":"https:\/\/artewebmidia.com.br\/infinita\/wp-json\/wp\/v2\/comments?post=789"}],"wp:featuredmedia":[{"embeddable":true,"href":"https:\/\/artewebmidia.com.br\/infinita\/wp-json\/wp\/v2\/media\/790"}],"wp:attachment":[{"href":"https:\/\/artewebmidia.com.br\/infinita\/wp-json\/wp\/v2\/media?parent=789"}],"wp:term":[{"taxonomy":"product_brand","embeddable":true,"href":"https:\/\/artewebmidia.com.br\/infinita\/wp-json\/wp\/v2\/product_brand?post=789"},{"taxonomy":"product_cat","embeddable":true,"href":"https:\/\/artewebmidia.com.br\/infinita\/wp-json\/wp\/v2\/product_cat?post=789"},{"taxonomy":"product_tag","embeddable":true,"href":"https:\/\/artewebmidia.com.br\/infinita\/wp-json\/wp\/v2\/product_tag?post=789"}],"curies":[{"name":"wp","href":"https:\/\/api.w.org\/{rel}","templated":true}]}}