{"id":792,"date":"2023-11-07T10:23:38","date_gmt":"2023-11-07T13:23:38","guid":{"rendered":"https:\/\/artewebmidia.com.br\/infinita\/?post_type=product&#038;p=792"},"modified":"2024-09-02T11:48:20","modified_gmt":"2024-09-02T14:48:20","slug":"capsulas-desintoxi","status":"publish","type":"product","link":"https:\/\/artewebmidia.com.br\/infinita\/produto\/capsulas-desintoxi\/","title":{"rendered":"C\u00c1PSULAS DESINTOXI"},"content":{"rendered":"<p>*\u00c9 vegano, n\u00e3o cont\u00e9m a\u00e7\u00facar, gl\u00faten, lactose e n\u00e3o \u00e9 testado em animais.<\/p>\n","protected":false},"excerpt":{"rendered":"<p>As C\u00e1psulas Desintoxi completam a sua Rotina Detox! Cont\u00eam 24 ativos selecionados, Fibras, Prote\u00ednas, Vitaminas, Amino\u00e1cidos &amp; Pr\u00e9-Bi\u00f3tico.<\/p>\n","protected":false},"featured_media":793,"comment_status":"open","ping_status":"closed","template":"","meta":{"_joinchat":[]},"product_brand":[],"product_cat":[24],"product_tag":[],"class_list":{"0":"post-792","1":"product","2":"type-product","3":"status-publish","4":"has-post-thumbnail","6":"product_cat-saude","8":"first","9":"instock","10":"shipping-taxable","11":"purchasable","12":"product-type-simple"},"_links":{"self":[{"href":"https:\/\/artewebmidia.com.br\/infinita\/wp-json\/wp\/v2\/product\/792","targetHints":{"allow":["GET"]}}],"collection":[{"href":"https:\/\/artewebmidia.com.br\/infinita\/wp-json\/wp\/v2\/product"}],"about":[{"href":"https:\/\/artewebmidia.com.br\/infinita\/wp-json\/wp\/v2\/types\/product"}],"replies":[{"embeddable":true,"href":"https:\/\/artewebmidia.com.br\/infinita\/wp-json\/wp\/v2\/comments?post=792"}],"wp:featuredmedia":[{"embeddable":true,"href":"https:\/\/artewebmidia.com.br\/infinita\/wp-json\/wp\/v2\/media\/793"}],"wp:attachment":[{"href":"https:\/\/artewebmidia.com.br\/infinita\/wp-json\/wp\/v2\/media?parent=792"}],"wp:term":[{"taxonomy":"product_brand","embeddable":true,"href":"https:\/\/artewebmidia.com.br\/infinita\/wp-json\/wp\/v2\/product_brand?post=792"},{"taxonomy":"product_cat","embeddable":true,"href":"https:\/\/artewebmidia.com.br\/infinita\/wp-json\/wp\/v2\/product_cat?post=792"},{"taxonomy":"product_tag","embeddable":true,"href":"https:\/\/artewebmidia.com.br\/infinita\/wp-json\/wp\/v2\/product_tag?post=792"}],"curies":[{"name":"wp","href":"https:\/\/api.w.org\/{rel}","templated":true}]}}